{"id":8381,"date":"2019-08-18T17:27:33","date_gmt":"2019-08-18T15:27:33","guid":{"rendered":"http:\/\/1001oeil.com\/?page_id=8381"},"modified":"2026-02-08T16:44:36","modified_gmt":"2026-02-08T15:44:36","slug":"resistance-urbaine-photographies-poetiques","status":"publish","type":"page","link":"https:\/\/1001oeil.com\/index.php\/resistance-urbaine-photographies-poetiques\/","title":{"rendered":"RESISTANCE URBAINE"},"content":{"rendered":"<div id=\"attachment_8974\" style=\"width: 990px\" class=\"wp-caption alignnone\"><img loading=\"lazy\" decoding=\"async\" aria-describedby=\"caption-attachment-8974\" class=\"wp-image-8974 size-large\" src=\"\/\/1001oeil.com\/wp-content\/uploads\/2019\/08\/58590392_10217530877318307_7297032256311263232_o-1024x683.jpg\" alt=\"\" width=\"980\" height=\"654\" srcset=\"https:\/\/1001oeil.com\/wp-content\/uploads\/2019\/08\/58590392_10217530877318307_7297032256311263232_o-1024x683.jpg 1024w, https:\/\/1001oeil.com\/wp-content\/uploads\/2019\/08\/58590392_10217530877318307_7297032256311263232_o-300x200.jpg 300w, https:\/\/1001oeil.com\/wp-content\/uploads\/2019\/08\/58590392_10217530877318307_7297032256311263232_o-768x512.jpg 768w, https:\/\/1001oeil.com\/wp-content\/uploads\/2019\/08\/58590392_10217530877318307_7297032256311263232_o.jpg 2048w\" sizes=\"auto, (max-width: 980px) 100vw, 980px\" \/><p id=\"caption-attachment-8974\" class=\"wp-caption-text\">\u00ab\u00a0Au bar des amis\u00a0\u00bb St\u00e9phane Chassignole 2019.&nbsp;<\/p><\/div>\r\n\r\n<h4 class=\"wp-block-heading\">Les plantes sauvages dans le milieu urbain. Prise de vue en macrophotographie, traitement noir et blanc + vert, installations et dessins.<\/h4>\r\n","protected":false},"excerpt":{"rendered":"<p>Les plantes sauvages dans le milieu urbain. Prise de vue en macrophotographie, traitement noir et blanc + vert, installations et dessins.<\/p>\n","protected":false},"author":2,"featured_media":8974,"parent":0,"menu_order":0,"comment_status":"closed","ping_status":"closed","template":"","meta":{"ngg_post_thumbnail":0,"footnotes":""},"class_list":["post-8381","page","type-page","status-publish","has-post-thumbnail","hentry"],"yoast_head":"<!-- This site is optimized with the Yoast SEO plugin v27.3 - https:\/\/yoast.com\/product\/yoast-seo-wordpress\/ -->\n<title>RESISTANCE URBAINE - Photographies artistiques - Plantes sauvages<\/title>\n<meta name=\"description\" content=\"Projet photographique et plastique. Les plantes sauvages dans le milieu urbain. Traitement en macrophotographie d&#039;une mani\u00e8re po\u00e9tique et engag\u00e9.\" \/>\n<meta name=\"robots\" content=\"index, follow, max-snippet:-1, max-image-preview:large, max-video-preview:-1\" \/>\n<link rel=\"canonical\" href=\"https:\/\/1001oeil.com\/index.php\/resistance-urbaine-photographies-poetiques\/\" \/>\n<meta property=\"og:locale\" content=\"fr_FR\" \/>\n<meta property=\"og:type\" content=\"article\" \/>\n<meta property=\"og:title\" content=\"RESISTANCE URBAINE - Photographies artistiques - Plantes sauvages\" \/>\n<meta property=\"og:description\" content=\"Projet photographique et plastique. Les plantes sauvages dans le milieu urbain. Traitement en macrophotographie d&#039;une mani\u00e8re po\u00e9tique et engag\u00e9.\" \/>\n<meta property=\"og:url\" content=\"https:\/\/1001oeil.com\/index.php\/resistance-urbaine-photographies-poetiques\/\" \/>\n<meta property=\"og:site_name\" content=\"St\u00e9phane Chassignole\" \/>\n<meta property=\"article:modified_time\" content=\"2026-02-08T15:44:36+00:00\" \/>\n<meta property=\"og:image\" content=\"https:\/\/1001oeil.com\/wp-content\/uploads\/2019\/08\/58590392_10217530877318307_7297032256311263232_o.jpg\" \/>\n\t<meta property=\"og:image:width\" content=\"2048\" \/>\n\t<meta property=\"og:image:height\" content=\"1365\" \/>\n\t<meta property=\"og:image:type\" content=\"image\/jpeg\" \/>\n<meta name=\"twitter:card\" content=\"summary_large_image\" \/>\n<meta name=\"twitter:label1\" content=\"Dur\u00e9e de lecture estim\u00e9e\" \/>\n\t<meta name=\"twitter:data1\" content=\"1 minute\" \/>\n<script type=\"application\/ld+json\" class=\"yoast-schema-graph\">{\"@context\":\"https:\\\/\\\/schema.org\",\"@graph\":[{\"@type\":\"WebPage\",\"@id\":\"https:\\\/\\\/1001oeil.com\\\/index.php\\\/resistance-urbaine-photographies-poetiques\\\/\",\"url\":\"https:\\\/\\\/1001oeil.com\\\/index.php\\\/resistance-urbaine-photographies-poetiques\\\/\",\"name\":\"RESISTANCE URBAINE - Photographies artistiques - Plantes sauvages\",\"isPartOf\":{\"@id\":\"https:\\\/\\\/1001oeil.com\\\/#website\"},\"primaryImageOfPage\":{\"@id\":\"https:\\\/\\\/1001oeil.com\\\/index.php\\\/resistance-urbaine-photographies-poetiques\\\/#primaryimage\"},\"image\":{\"@id\":\"https:\\\/\\\/1001oeil.com\\\/index.php\\\/resistance-urbaine-photographies-poetiques\\\/#primaryimage\"},\"thumbnailUrl\":\"https:\\\/\\\/1001oeil.com\\\/wp-content\\\/uploads\\\/2019\\\/08\\\/58590392_10217530877318307_7297032256311263232_o.jpg\",\"datePublished\":\"2019-08-18T15:27:33+00:00\",\"dateModified\":\"2026-02-08T15:44:36+00:00\",\"description\":\"Projet photographique et plastique. Les plantes sauvages dans le milieu urbain. Traitement en macrophotographie d'une mani\u00e8re po\u00e9tique et engag\u00e9.\",\"breadcrumb\":{\"@id\":\"https:\\\/\\\/1001oeil.com\\\/index.php\\\/resistance-urbaine-photographies-poetiques\\\/#breadcrumb\"},\"inLanguage\":\"fr-FR\",\"potentialAction\":[{\"@type\":\"ReadAction\",\"target\":[\"https:\\\/\\\/1001oeil.com\\\/index.php\\\/resistance-urbaine-photographies-poetiques\\\/\"]}]},{\"@type\":\"ImageObject\",\"inLanguage\":\"fr-FR\",\"@id\":\"https:\\\/\\\/1001oeil.com\\\/index.php\\\/resistance-urbaine-photographies-poetiques\\\/#primaryimage\",\"url\":\"https:\\\/\\\/1001oeil.com\\\/wp-content\\\/uploads\\\/2019\\\/08\\\/58590392_10217530877318307_7297032256311263232_o.jpg\",\"contentUrl\":\"https:\\\/\\\/1001oeil.com\\\/wp-content\\\/uploads\\\/2019\\\/08\\\/58590392_10217530877318307_7297032256311263232_o.jpg\",\"width\":2048,\"height\":1365,\"caption\":\"\\\"Au bar des amis\\\"\"},{\"@type\":\"BreadcrumbList\",\"@id\":\"https:\\\/\\\/1001oeil.com\\\/index.php\\\/resistance-urbaine-photographies-poetiques\\\/#breadcrumb\",\"itemListElement\":[{\"@type\":\"ListItem\",\"position\":1,\"name\":\"Accueil\",\"item\":\"https:\\\/\\\/1001oeil.com\\\/\"},{\"@type\":\"ListItem\",\"position\":2,\"name\":\"RESISTANCE URBAINE\"}]},{\"@type\":\"WebSite\",\"@id\":\"https:\\\/\\\/1001oeil.com\\\/#website\",\"url\":\"https:\\\/\\\/1001oeil.com\\\/\",\"name\":\"1001 \u0153il\",\"description\":\"Photographe R\u00e9alisateur\",\"publisher\":{\"@id\":\"https:\\\/\\\/1001oeil.com\\\/#\\\/schema\\\/person\\\/5183086660880e33b3a1804821879ce1\"},\"potentialAction\":[{\"@type\":\"SearchAction\",\"target\":{\"@type\":\"EntryPoint\",\"urlTemplate\":\"https:\\\/\\\/1001oeil.com\\\/?s={search_term_string}\"},\"query-input\":{\"@type\":\"PropertyValueSpecification\",\"valueRequired\":true,\"valueName\":\"search_term_string\"}}],\"inLanguage\":\"fr-FR\"},{\"@type\":[\"Person\",\"Organization\"],\"@id\":\"https:\\\/\\\/1001oeil.com\\\/#\\\/schema\\\/person\\\/5183086660880e33b3a1804821879ce1\",\"name\":\"St\u00e9phane CHASSIGNOLE\",\"image\":{\"@type\":\"ImageObject\",\"inLanguage\":\"fr-FR\",\"@id\":\"https:\\\/\\\/secure.gravatar.com\\\/avatar\\\/c741ff914b630d457c4ed947a119e5a0bd613d68105339c9af5c9ba86b201702?s=96&d=mm&r=g\",\"url\":\"https:\\\/\\\/secure.gravatar.com\\\/avatar\\\/c741ff914b630d457c4ed947a119e5a0bd613d68105339c9af5c9ba86b201702?s=96&d=mm&r=g\",\"contentUrl\":\"https:\\\/\\\/secure.gravatar.com\\\/avatar\\\/c741ff914b630d457c4ed947a119e5a0bd613d68105339c9af5c9ba86b201702?s=96&d=mm&r=g\",\"caption\":\"St\u00e9phane CHASSIGNOLE\"},\"logo\":{\"@id\":\"https:\\\/\\\/secure.gravatar.com\\\/avatar\\\/c741ff914b630d457c4ed947a119e5a0bd613d68105339c9af5c9ba86b201702?s=96&d=mm&r=g\"}}]}<\/script>\n<!-- \/ Yoast SEO plugin. -->","yoast_head_json":{"title":"RESISTANCE URBAINE - Photographies artistiques - Plantes sauvages","description":"Projet photographique et plastique. Les plantes sauvages dans le milieu urbain. Traitement en macrophotographie d'une mani\u00e8re po\u00e9tique et engag\u00e9.","robots":{"index":"index","follow":"follow","max-snippet":"max-snippet:-1","max-image-preview":"max-image-preview:large","max-video-preview":"max-video-preview:-1"},"canonical":"https:\/\/1001oeil.com\/index.php\/resistance-urbaine-photographies-poetiques\/","og_locale":"fr_FR","og_type":"article","og_title":"RESISTANCE URBAINE - Photographies artistiques - Plantes sauvages","og_description":"Projet photographique et plastique. Les plantes sauvages dans le milieu urbain. Traitement en macrophotographie d'une mani\u00e8re po\u00e9tique et engag\u00e9.","og_url":"https:\/\/1001oeil.com\/index.php\/resistance-urbaine-photographies-poetiques\/","og_site_name":"St\u00e9phane Chassignole","article_modified_time":"2026-02-08T15:44:36+00:00","og_image":[{"width":2048,"height":1365,"url":"https:\/\/1001oeil.com\/wp-content\/uploads\/2019\/08\/58590392_10217530877318307_7297032256311263232_o.jpg","type":"image\/jpeg"}],"twitter_card":"summary_large_image","twitter_misc":{"Dur\u00e9e de lecture estim\u00e9e":"1 minute"},"schema":{"@context":"https:\/\/schema.org","@graph":[{"@type":"WebPage","@id":"https:\/\/1001oeil.com\/index.php\/resistance-urbaine-photographies-poetiques\/","url":"https:\/\/1001oeil.com\/index.php\/resistance-urbaine-photographies-poetiques\/","name":"RESISTANCE URBAINE - Photographies artistiques - Plantes sauvages","isPartOf":{"@id":"https:\/\/1001oeil.com\/#website"},"primaryImageOfPage":{"@id":"https:\/\/1001oeil.com\/index.php\/resistance-urbaine-photographies-poetiques\/#primaryimage"},"image":{"@id":"https:\/\/1001oeil.com\/index.php\/resistance-urbaine-photographies-poetiques\/#primaryimage"},"thumbnailUrl":"https:\/\/1001oeil.com\/wp-content\/uploads\/2019\/08\/58590392_10217530877318307_7297032256311263232_o.jpg","datePublished":"2019-08-18T15:27:33+00:00","dateModified":"2026-02-08T15:44:36+00:00","description":"Projet photographique et plastique. Les plantes sauvages dans le milieu urbain. Traitement en macrophotographie d'une mani\u00e8re po\u00e9tique et engag\u00e9.","breadcrumb":{"@id":"https:\/\/1001oeil.com\/index.php\/resistance-urbaine-photographies-poetiques\/#breadcrumb"},"inLanguage":"fr-FR","potentialAction":[{"@type":"ReadAction","target":["https:\/\/1001oeil.com\/index.php\/resistance-urbaine-photographies-poetiques\/"]}]},{"@type":"ImageObject","inLanguage":"fr-FR","@id":"https:\/\/1001oeil.com\/index.php\/resistance-urbaine-photographies-poetiques\/#primaryimage","url":"https:\/\/1001oeil.com\/wp-content\/uploads\/2019\/08\/58590392_10217530877318307_7297032256311263232_o.jpg","contentUrl":"https:\/\/1001oeil.com\/wp-content\/uploads\/2019\/08\/58590392_10217530877318307_7297032256311263232_o.jpg","width":2048,"height":1365,"caption":"\"Au bar des amis\""},{"@type":"BreadcrumbList","@id":"https:\/\/1001oeil.com\/index.php\/resistance-urbaine-photographies-poetiques\/#breadcrumb","itemListElement":[{"@type":"ListItem","position":1,"name":"Accueil","item":"https:\/\/1001oeil.com\/"},{"@type":"ListItem","position":2,"name":"RESISTANCE URBAINE"}]},{"@type":"WebSite","@id":"https:\/\/1001oeil.com\/#website","url":"https:\/\/1001oeil.com\/","name":"1001 \u0153il","description":"Photographe R\u00e9alisateur","publisher":{"@id":"https:\/\/1001oeil.com\/#\/schema\/person\/5183086660880e33b3a1804821879ce1"},"potentialAction":[{"@type":"SearchAction","target":{"@type":"EntryPoint","urlTemplate":"https:\/\/1001oeil.com\/?s={search_term_string}"},"query-input":{"@type":"PropertyValueSpecification","valueRequired":true,"valueName":"search_term_string"}}],"inLanguage":"fr-FR"},{"@type":["Person","Organization"],"@id":"https:\/\/1001oeil.com\/#\/schema\/person\/5183086660880e33b3a1804821879ce1","name":"St\u00e9phane CHASSIGNOLE","image":{"@type":"ImageObject","inLanguage":"fr-FR","@id":"https:\/\/secure.gravatar.com\/avatar\/c741ff914b630d457c4ed947a119e5a0bd613d68105339c9af5c9ba86b201702?s=96&d=mm&r=g","url":"https:\/\/secure.gravatar.com\/avatar\/c741ff914b630d457c4ed947a119e5a0bd613d68105339c9af5c9ba86b201702?s=96&d=mm&r=g","contentUrl":"https:\/\/secure.gravatar.com\/avatar\/c741ff914b630d457c4ed947a119e5a0bd613d68105339c9af5c9ba86b201702?s=96&d=mm&r=g","caption":"St\u00e9phane CHASSIGNOLE"},"logo":{"@id":"https:\/\/secure.gravatar.com\/avatar\/c741ff914b630d457c4ed947a119e5a0bd613d68105339c9af5c9ba86b201702?s=96&d=mm&r=g"}}]}},"_links":{"self":[{"href":"https:\/\/1001oeil.com\/index.php\/wp-json\/wp\/v2\/pages\/8381","targetHints":{"allow":["GET"]}}],"collection":[{"href":"https:\/\/1001oeil.com\/index.php\/wp-json\/wp\/v2\/pages"}],"about":[{"href":"https:\/\/1001oeil.com\/index.php\/wp-json\/wp\/v2\/types\/page"}],"author":[{"embeddable":true,"href":"https:\/\/1001oeil.com\/index.php\/wp-json\/wp\/v2\/users\/2"}],"replies":[{"embeddable":true,"href":"https:\/\/1001oeil.com\/index.php\/wp-json\/wp\/v2\/comments?post=8381"}],"version-history":[{"count":10,"href":"https:\/\/1001oeil.com\/index.php\/wp-json\/wp\/v2\/pages\/8381\/revisions"}],"predecessor-version":[{"id":10037,"href":"https:\/\/1001oeil.com\/index.php\/wp-json\/wp\/v2\/pages\/8381\/revisions\/10037"}],"wp:featuredmedia":[{"embeddable":true,"href":"https:\/\/1001oeil.com\/index.php\/wp-json\/wp\/v2\/media\/8974"}],"wp:attachment":[{"href":"https:\/\/1001oeil.com\/index.php\/wp-json\/wp\/v2\/media?parent=8381"}],"curies":[{"name":"wp","href":"https:\/\/api.w.org\/{rel}","templated":true}]}}