{"id":6077,"date":"2016-02-21T23:37:07","date_gmt":"2016-02-21T22:37:07","guid":{"rendered":"http:\/\/1001oeil.com\/?page_id=6077"},"modified":"2023-11-16T23:20:14","modified_gmt":"2023-11-16T22:20:14","slug":"realisations-video-captation-reportage-evenement-clip","status":"publish","type":"page","link":"https:\/\/1001oeil.com\/index.php\/realisations-video-captation-reportage-evenement-clip\/","title":{"rendered":"CORPORATE"},"content":{"rendered":"","protected":false},"excerpt":{"rendered":"","protected":false},"author":2,"featured_media":6740,"parent":0,"menu_order":0,"comment_status":"closed","ping_status":"closed","template":"","meta":{"ngg_post_thumbnail":0,"footnotes":""},"class_list":["post-6077","page","type-page","status-publish","has-post-thumbnail","hentry"],"yoast_head":"<!-- This site is optimized with the Yoast SEO plugin v27.3 - https:\/\/yoast.com\/product\/yoast-seo-wordpress\/ -->\n<title>Vid\u00e9o - Captation - Ev\u00e9nement - Reportage - Clip - Marseille<\/title>\n<meta name=\"description\" content=\"Ev\u00e9nement, Reportage, Captation, Timelapse, Film de chantier, Clip | R\u00e9alisation, Prise de vue, Montage Vid\u00e9o | Marseille\" \/>\n<meta name=\"robots\" content=\"index, follow, max-snippet:-1, max-image-preview:large, max-video-preview:-1\" \/>\n<link rel=\"canonical\" href=\"https:\/\/1001oeil.com\/index.php\/realisations-video-captation-reportage-evenement-clip\/\" \/>\n<meta property=\"og:locale\" content=\"fr_FR\" \/>\n<meta property=\"og:type\" content=\"article\" \/>\n<meta property=\"og:title\" content=\"Vid\u00e9o - Captation - Ev\u00e9nement - Reportage - Clip - Marseille\" \/>\n<meta property=\"og:description\" content=\"Ev\u00e9nement, Reportage, Captation, Timelapse, Film de chantier, Clip | R\u00e9alisation, Prise de vue, Montage Vid\u00e9o | Marseille\" \/>\n<meta property=\"og:url\" content=\"https:\/\/1001oeil.com\/index.php\/realisations-video-captation-reportage-evenement-clip\/\" \/>\n<meta property=\"og:site_name\" content=\"St\u00e9phane Chassignole\" \/>\n<meta property=\"article:modified_time\" content=\"2023-11-16T22:20:14+00:00\" \/>\n<meta property=\"og:image\" content=\"https:\/\/1001oeil.com\/wp-content\/uploads\/2017\/09\/split-screen-06-FESTIVAL-LE-BON-AIR-REWARD.00_00_50_11.Image-fixe006-1024x576.png\" \/>\n\t<meta property=\"og:image:width\" content=\"1024\" \/>\n\t<meta property=\"og:image:height\" content=\"576\" \/>\n\t<meta property=\"og:image:type\" content=\"image\/png\" \/>\n<meta name=\"twitter:card\" content=\"summary_large_image\" \/>\n<script type=\"application\/ld+json\" class=\"yoast-schema-graph\">{\"@context\":\"https:\\\/\\\/schema.org\",\"@graph\":[{\"@type\":\"WebPage\",\"@id\":\"https:\\\/\\\/1001oeil.com\\\/index.php\\\/realisations-video-captation-reportage-evenement-clip\\\/\",\"url\":\"https:\\\/\\\/1001oeil.com\\\/index.php\\\/realisations-video-captation-reportage-evenement-clip\\\/\",\"name\":\"Vid\u00e9o - Captation - Ev\u00e9nement - Reportage - Clip - Marseille\",\"isPartOf\":{\"@id\":\"https:\\\/\\\/1001oeil.com\\\/#website\"},\"primaryImageOfPage\":{\"@id\":\"https:\\\/\\\/1001oeil.com\\\/index.php\\\/realisations-video-captation-reportage-evenement-clip\\\/#primaryimage\"},\"image\":{\"@id\":\"https:\\\/\\\/1001oeil.com\\\/index.php\\\/realisations-video-captation-reportage-evenement-clip\\\/#primaryimage\"},\"thumbnailUrl\":\"https:\\\/\\\/1001oeil.com\\\/wp-content\\\/uploads\\\/2017\\\/09\\\/split-screen-06-FESTIVAL-LE-BON-AIR-REWARD.00_00_50_11.Image-fixe006.png\",\"datePublished\":\"2016-02-21T22:37:07+00:00\",\"dateModified\":\"2023-11-16T22:20:14+00:00\",\"description\":\"Ev\u00e9nement, Reportage, Captation, Timelapse, Film de chantier, Clip | R\u00e9alisation, Prise de vue, Montage Vid\u00e9o | Marseille\",\"breadcrumb\":{\"@id\":\"https:\\\/\\\/1001oeil.com\\\/index.php\\\/realisations-video-captation-reportage-evenement-clip\\\/#breadcrumb\"},\"inLanguage\":\"fr-FR\",\"potentialAction\":[{\"@type\":\"ReadAction\",\"target\":[\"https:\\\/\\\/1001oeil.com\\\/index.php\\\/realisations-video-captation-reportage-evenement-clip\\\/\"]}]},{\"@type\":\"ImageObject\",\"inLanguage\":\"fr-FR\",\"@id\":\"https:\\\/\\\/1001oeil.com\\\/index.php\\\/realisations-video-captation-reportage-evenement-clip\\\/#primaryimage\",\"url\":\"https:\\\/\\\/1001oeil.com\\\/wp-content\\\/uploads\\\/2017\\\/09\\\/split-screen-06-FESTIVAL-LE-BON-AIR-REWARD.00_00_50_11.Image-fixe006.png\",\"contentUrl\":\"https:\\\/\\\/1001oeil.com\\\/wp-content\\\/uploads\\\/2017\\\/09\\\/split-screen-06-FESTIVAL-LE-BON-AIR-REWARD.00_00_50_11.Image-fixe006.png\",\"width\":1920,\"height\":1080},{\"@type\":\"BreadcrumbList\",\"@id\":\"https:\\\/\\\/1001oeil.com\\\/index.php\\\/realisations-video-captation-reportage-evenement-clip\\\/#breadcrumb\",\"itemListElement\":[{\"@type\":\"ListItem\",\"position\":1,\"name\":\"Accueil\",\"item\":\"https:\\\/\\\/1001oeil.com\\\/\"},{\"@type\":\"ListItem\",\"position\":2,\"name\":\"CORPORATE\"}]},{\"@type\":\"WebSite\",\"@id\":\"https:\\\/\\\/1001oeil.com\\\/#website\",\"url\":\"https:\\\/\\\/1001oeil.com\\\/\",\"name\":\"1001 \u0153il\",\"description\":\"Photographe R\u00e9alisateur\",\"publisher\":{\"@id\":\"https:\\\/\\\/1001oeil.com\\\/#\\\/schema\\\/person\\\/5183086660880e33b3a1804821879ce1\"},\"potentialAction\":[{\"@type\":\"SearchAction\",\"target\":{\"@type\":\"EntryPoint\",\"urlTemplate\":\"https:\\\/\\\/1001oeil.com\\\/?s={search_term_string}\"},\"query-input\":{\"@type\":\"PropertyValueSpecification\",\"valueRequired\":true,\"valueName\":\"search_term_string\"}}],\"inLanguage\":\"fr-FR\"},{\"@type\":[\"Person\",\"Organization\"],\"@id\":\"https:\\\/\\\/1001oeil.com\\\/#\\\/schema\\\/person\\\/5183086660880e33b3a1804821879ce1\",\"name\":\"St\u00e9phane CHASSIGNOLE\",\"image\":{\"@type\":\"ImageObject\",\"inLanguage\":\"fr-FR\",\"@id\":\"https:\\\/\\\/secure.gravatar.com\\\/avatar\\\/c741ff914b630d457c4ed947a119e5a0bd613d68105339c9af5c9ba86b201702?s=96&d=mm&r=g\",\"url\":\"https:\\\/\\\/secure.gravatar.com\\\/avatar\\\/c741ff914b630d457c4ed947a119e5a0bd613d68105339c9af5c9ba86b201702?s=96&d=mm&r=g\",\"contentUrl\":\"https:\\\/\\\/secure.gravatar.com\\\/avatar\\\/c741ff914b630d457c4ed947a119e5a0bd613d68105339c9af5c9ba86b201702?s=96&d=mm&r=g\",\"caption\":\"St\u00e9phane CHASSIGNOLE\"},\"logo\":{\"@id\":\"https:\\\/\\\/secure.gravatar.com\\\/avatar\\\/c741ff914b630d457c4ed947a119e5a0bd613d68105339c9af5c9ba86b201702?s=96&d=mm&r=g\"}}]}<\/script>\n<!-- \/ Yoast SEO plugin. -->","yoast_head_json":{"title":"Vid\u00e9o - Captation - Ev\u00e9nement - Reportage - Clip - Marseille","description":"Ev\u00e9nement, Reportage, Captation, Timelapse, Film de chantier, Clip | R\u00e9alisation, Prise de vue, Montage Vid\u00e9o | Marseille","robots":{"index":"index","follow":"follow","max-snippet":"max-snippet:-1","max-image-preview":"max-image-preview:large","max-video-preview":"max-video-preview:-1"},"canonical":"https:\/\/1001oeil.com\/index.php\/realisations-video-captation-reportage-evenement-clip\/","og_locale":"fr_FR","og_type":"article","og_title":"Vid\u00e9o - Captation - Ev\u00e9nement - Reportage - Clip - Marseille","og_description":"Ev\u00e9nement, Reportage, Captation, Timelapse, Film de chantier, Clip | R\u00e9alisation, Prise de vue, Montage Vid\u00e9o | Marseille","og_url":"https:\/\/1001oeil.com\/index.php\/realisations-video-captation-reportage-evenement-clip\/","og_site_name":"St\u00e9phane Chassignole","article_modified_time":"2023-11-16T22:20:14+00:00","og_image":[{"width":1024,"height":576,"url":"https:\/\/1001oeil.com\/wp-content\/uploads\/2017\/09\/split-screen-06-FESTIVAL-LE-BON-AIR-REWARD.00_00_50_11.Image-fixe006-1024x576.png","type":"image\/png"}],"twitter_card":"summary_large_image","schema":{"@context":"https:\/\/schema.org","@graph":[{"@type":"WebPage","@id":"https:\/\/1001oeil.com\/index.php\/realisations-video-captation-reportage-evenement-clip\/","url":"https:\/\/1001oeil.com\/index.php\/realisations-video-captation-reportage-evenement-clip\/","name":"Vid\u00e9o - Captation - Ev\u00e9nement - Reportage - Clip - Marseille","isPartOf":{"@id":"https:\/\/1001oeil.com\/#website"},"primaryImageOfPage":{"@id":"https:\/\/1001oeil.com\/index.php\/realisations-video-captation-reportage-evenement-clip\/#primaryimage"},"image":{"@id":"https:\/\/1001oeil.com\/index.php\/realisations-video-captation-reportage-evenement-clip\/#primaryimage"},"thumbnailUrl":"https:\/\/1001oeil.com\/wp-content\/uploads\/2017\/09\/split-screen-06-FESTIVAL-LE-BON-AIR-REWARD.00_00_50_11.Image-fixe006.png","datePublished":"2016-02-21T22:37:07+00:00","dateModified":"2023-11-16T22:20:14+00:00","description":"Ev\u00e9nement, Reportage, Captation, Timelapse, Film de chantier, Clip | R\u00e9alisation, Prise de vue, Montage Vid\u00e9o | Marseille","breadcrumb":{"@id":"https:\/\/1001oeil.com\/index.php\/realisations-video-captation-reportage-evenement-clip\/#breadcrumb"},"inLanguage":"fr-FR","potentialAction":[{"@type":"ReadAction","target":["https:\/\/1001oeil.com\/index.php\/realisations-video-captation-reportage-evenement-clip\/"]}]},{"@type":"ImageObject","inLanguage":"fr-FR","@id":"https:\/\/1001oeil.com\/index.php\/realisations-video-captation-reportage-evenement-clip\/#primaryimage","url":"https:\/\/1001oeil.com\/wp-content\/uploads\/2017\/09\/split-screen-06-FESTIVAL-LE-BON-AIR-REWARD.00_00_50_11.Image-fixe006.png","contentUrl":"https:\/\/1001oeil.com\/wp-content\/uploads\/2017\/09\/split-screen-06-FESTIVAL-LE-BON-AIR-REWARD.00_00_50_11.Image-fixe006.png","width":1920,"height":1080},{"@type":"BreadcrumbList","@id":"https:\/\/1001oeil.com\/index.php\/realisations-video-captation-reportage-evenement-clip\/#breadcrumb","itemListElement":[{"@type":"ListItem","position":1,"name":"Accueil","item":"https:\/\/1001oeil.com\/"},{"@type":"ListItem","position":2,"name":"CORPORATE"}]},{"@type":"WebSite","@id":"https:\/\/1001oeil.com\/#website","url":"https:\/\/1001oeil.com\/","name":"1001 \u0153il","description":"Photographe R\u00e9alisateur","publisher":{"@id":"https:\/\/1001oeil.com\/#\/schema\/person\/5183086660880e33b3a1804821879ce1"},"potentialAction":[{"@type":"SearchAction","target":{"@type":"EntryPoint","urlTemplate":"https:\/\/1001oeil.com\/?s={search_term_string}"},"query-input":{"@type":"PropertyValueSpecification","valueRequired":true,"valueName":"search_term_string"}}],"inLanguage":"fr-FR"},{"@type":["Person","Organization"],"@id":"https:\/\/1001oeil.com\/#\/schema\/person\/5183086660880e33b3a1804821879ce1","name":"St\u00e9phane CHASSIGNOLE","image":{"@type":"ImageObject","inLanguage":"fr-FR","@id":"https:\/\/secure.gravatar.com\/avatar\/c741ff914b630d457c4ed947a119e5a0bd613d68105339c9af5c9ba86b201702?s=96&d=mm&r=g","url":"https:\/\/secure.gravatar.com\/avatar\/c741ff914b630d457c4ed947a119e5a0bd613d68105339c9af5c9ba86b201702?s=96&d=mm&r=g","contentUrl":"https:\/\/secure.gravatar.com\/avatar\/c741ff914b630d457c4ed947a119e5a0bd613d68105339c9af5c9ba86b201702?s=96&d=mm&r=g","caption":"St\u00e9phane CHASSIGNOLE"},"logo":{"@id":"https:\/\/secure.gravatar.com\/avatar\/c741ff914b630d457c4ed947a119e5a0bd613d68105339c9af5c9ba86b201702?s=96&d=mm&r=g"}}]}},"_links":{"self":[{"href":"https:\/\/1001oeil.com\/index.php\/wp-json\/wp\/v2\/pages\/6077","targetHints":{"allow":["GET"]}}],"collection":[{"href":"https:\/\/1001oeil.com\/index.php\/wp-json\/wp\/v2\/pages"}],"about":[{"href":"https:\/\/1001oeil.com\/index.php\/wp-json\/wp\/v2\/types\/page"}],"author":[{"embeddable":true,"href":"https:\/\/1001oeil.com\/index.php\/wp-json\/wp\/v2\/users\/2"}],"replies":[{"embeddable":true,"href":"https:\/\/1001oeil.com\/index.php\/wp-json\/wp\/v2\/comments?post=6077"}],"version-history":[{"count":12,"href":"https:\/\/1001oeil.com\/index.php\/wp-json\/wp\/v2\/pages\/6077\/revisions"}],"predecessor-version":[{"id":11340,"href":"https:\/\/1001oeil.com\/index.php\/wp-json\/wp\/v2\/pages\/6077\/revisions\/11340"}],"wp:featuredmedia":[{"embeddable":true,"href":"https:\/\/1001oeil.com\/index.php\/wp-json\/wp\/v2\/media\/6740"}],"wp:attachment":[{"href":"https:\/\/1001oeil.com\/index.php\/wp-json\/wp\/v2\/media?parent=6077"}],"curies":[{"name":"wp","href":"https:\/\/api.w.org\/{rel}","templated":true}]}}