{"id":3232,"date":"2012-06-12T12:26:34","date_gmt":"2012-06-12T10:26:34","guid":{"rendered":"http:\/\/themes.devatic.com\/daisho\/?page_id=3232"},"modified":"2026-02-08T16:00:11","modified_gmt":"2026-02-08T15:00:11","slug":"1001-oeil-timelapse-video-photographie-marseille","status":"publish","type":"page","link":"https:\/\/1001oeil.com\/","title":{"rendered":"Accueil"},"content":{"rendered":"","protected":false},"excerpt":{"rendered":"","protected":false},"author":2,"featured_media":10993,"parent":0,"menu_order":0,"comment_status":"closed","ping_status":"closed","template":"","meta":{"ngg_post_thumbnail":178,"footnotes":""},"class_list":["post-3232","page","type-page","status-publish","has-post-thumbnail","hentry"],"yoast_head":"<!-- This site is optimized with the Yoast SEO plugin v27.2 - https:\/\/yoast.com\/product\/yoast-seo-wordpress\/ -->\n<title>Timelapse - Film de chantier - Vid\u00e9o - Photo - Marseille<\/title>\n<meta name=\"description\" content=\"St\u00e9phane Chassignole. Timelapse, Montage vid\u00e9o, R\u00e9alisation vid\u00e9o, Photographie. Film de chantier, Reportage, Captation. Freelance Marseille.\" \/>\n<meta name=\"robots\" content=\"index, follow, max-snippet:-1, max-image-preview:large, max-video-preview:-1\" \/>\n<link rel=\"canonical\" href=\"https:\/\/1001oeil.com\/\" \/>\n<meta property=\"og:locale\" content=\"fr_FR\" \/>\n<meta property=\"og:type\" content=\"article\" \/>\n<meta property=\"og:title\" content=\"Timelapse - Film de chantier - Vid\u00e9o - Photo - Marseille\" \/>\n<meta property=\"og:description\" content=\"St\u00e9phane Chassignole. Timelapse, Montage vid\u00e9o, R\u00e9alisation vid\u00e9o, Photographie. Film de chantier, Reportage, Captation. Freelance Marseille.\" \/>\n<meta property=\"og:url\" content=\"https:\/\/1001oeil.com\/\" \/>\n<meta property=\"og:site_name\" content=\"St\u00e9phane Chassignole\" \/>\n<meta property=\"article:modified_time\" content=\"2026-02-08T15:00:11+00:00\" \/>\n<meta property=\"og:image\" content=\"https:\/\/1001oeil.com\/wp-content\/uploads\/2022\/11\/Fiestadessuds2022-BOKEH-WEB-2.jpg\" \/>\n\t<meta property=\"og:image:width\" content=\"1920\" \/>\n\t<meta property=\"og:image:height\" content=\"1280\" \/>\n\t<meta property=\"og:image:type\" content=\"image\/jpeg\" \/>\n<meta name=\"twitter:card\" content=\"summary_large_image\" \/>\n<meta name=\"twitter:label1\" content=\"Dur\u00e9e de lecture estim\u00e9e\" \/>\n\t<meta name=\"twitter:data1\" content=\"1 minute\" \/>\n<script type=\"application\/ld+json\" class=\"yoast-schema-graph\">{\"@context\":\"https:\/\/schema.org\",\"@graph\":[{\"@type\":\"WebPage\",\"@id\":\"https:\/\/1001oeil.com\/\",\"url\":\"https:\/\/1001oeil.com\/\",\"name\":\"Timelapse - Film de chantier - Vid\u00e9o - Photo - Marseille\",\"isPartOf\":{\"@id\":\"https:\/\/1001oeil.com\/#website\"},\"primaryImageOfPage\":{\"@id\":\"https:\/\/1001oeil.com\/#primaryimage\"},\"image\":{\"@id\":\"https:\/\/1001oeil.com\/#primaryimage\"},\"thumbnailUrl\":\"https:\/\/1001oeil.com\/wp-content\/uploads\/2022\/11\/Fiestadessuds2022-BOKEH-WEB-2.jpg\",\"datePublished\":\"2012-06-12T10:26:34+00:00\",\"dateModified\":\"2026-02-08T15:00:11+00:00\",\"description\":\"St\u00e9phane Chassignole. Timelapse, Montage vid\u00e9o, R\u00e9alisation vid\u00e9o, Photographie. Film de chantier, Reportage, Captation. Freelance Marseille.\",\"breadcrumb\":{\"@id\":\"https:\/\/1001oeil.com\/#breadcrumb\"},\"inLanguage\":\"fr-FR\",\"potentialAction\":[{\"@type\":\"ReadAction\",\"target\":[\"https:\/\/1001oeil.com\/\"]}]},{\"@type\":\"ImageObject\",\"inLanguage\":\"fr-FR\",\"@id\":\"https:\/\/1001oeil.com\/#primaryimage\",\"url\":\"https:\/\/1001oeil.com\/wp-content\/uploads\/2022\/11\/Fiestadessuds2022-BOKEH-WEB-2.jpg\",\"contentUrl\":\"https:\/\/1001oeil.com\/wp-content\/uploads\/2022\/11\/Fiestadessuds2022-BOKEH-WEB-2.jpg\",\"width\":1920,\"height\":1280},{\"@type\":\"BreadcrumbList\",\"@id\":\"https:\/\/1001oeil.com\/#breadcrumb\",\"itemListElement\":[{\"@type\":\"ListItem\",\"position\":1,\"name\":\"Accueil\",\"item\":\"https:\/\/1001oeil.com\/\"},{\"@type\":\"ListItem\",\"position\":2,\"name\":\"Accueil\"}]},{\"@type\":\"WebSite\",\"@id\":\"https:\/\/1001oeil.com\/#website\",\"url\":\"https:\/\/1001oeil.com\/\",\"name\":\"1001 \u0153il\",\"description\":\"Photographe R\u00e9alisateur\",\"publisher\":{\"@id\":\"https:\/\/1001oeil.com\/#\/schema\/person\/5183086660880e33b3a1804821879ce1\"},\"potentialAction\":[{\"@type\":\"SearchAction\",\"target\":{\"@type\":\"EntryPoint\",\"urlTemplate\":\"https:\/\/1001oeil.com\/?s={search_term_string}\"},\"query-input\":{\"@type\":\"PropertyValueSpecification\",\"valueRequired\":true,\"valueName\":\"search_term_string\"}}],\"inLanguage\":\"fr-FR\"},{\"@type\":[\"Person\",\"Organization\"],\"@id\":\"https:\/\/1001oeil.com\/#\/schema\/person\/5183086660880e33b3a1804821879ce1\",\"name\":\"St\u00e9phane CHASSIGNOLE\",\"image\":{\"@type\":\"ImageObject\",\"inLanguage\":\"fr-FR\",\"@id\":\"https:\/\/secure.gravatar.com\/avatar\/c741ff914b630d457c4ed947a119e5a0bd613d68105339c9af5c9ba86b201702?s=96&d=mm&r=g\",\"url\":\"https:\/\/secure.gravatar.com\/avatar\/c741ff914b630d457c4ed947a119e5a0bd613d68105339c9af5c9ba86b201702?s=96&d=mm&r=g\",\"contentUrl\":\"https:\/\/secure.gravatar.com\/avatar\/c741ff914b630d457c4ed947a119e5a0bd613d68105339c9af5c9ba86b201702?s=96&d=mm&r=g\",\"caption\":\"St\u00e9phane CHASSIGNOLE\"},\"logo\":{\"@id\":\"https:\/\/secure.gravatar.com\/avatar\/c741ff914b630d457c4ed947a119e5a0bd613d68105339c9af5c9ba86b201702?s=96&d=mm&r=g\"}}]}<\/script>\n<!-- \/ Yoast SEO plugin. -->","yoast_head_json":{"title":"Timelapse - Film de chantier - Vid\u00e9o - Photo - Marseille","description":"St\u00e9phane Chassignole. Timelapse, Montage vid\u00e9o, R\u00e9alisation vid\u00e9o, Photographie. Film de chantier, Reportage, Captation. Freelance Marseille.","robots":{"index":"index","follow":"follow","max-snippet":"max-snippet:-1","max-image-preview":"max-image-preview:large","max-video-preview":"max-video-preview:-1"},"canonical":"https:\/\/1001oeil.com\/","og_locale":"fr_FR","og_type":"article","og_title":"Timelapse - Film de chantier - Vid\u00e9o - Photo - Marseille","og_description":"St\u00e9phane Chassignole. Timelapse, Montage vid\u00e9o, R\u00e9alisation vid\u00e9o, Photographie. Film de chantier, Reportage, Captation. Freelance Marseille.","og_url":"https:\/\/1001oeil.com\/","og_site_name":"St\u00e9phane Chassignole","article_modified_time":"2026-02-08T15:00:11+00:00","og_image":[{"width":1920,"height":1280,"url":"https:\/\/1001oeil.com\/wp-content\/uploads\/2022\/11\/Fiestadessuds2022-BOKEH-WEB-2.jpg","type":"image\/jpeg"}],"twitter_card":"summary_large_image","twitter_misc":{"Dur\u00e9e de lecture estim\u00e9e":"1 minute"},"schema":{"@context":"https:\/\/schema.org","@graph":[{"@type":"WebPage","@id":"https:\/\/1001oeil.com\/","url":"https:\/\/1001oeil.com\/","name":"Timelapse - Film de chantier - Vid\u00e9o - Photo - Marseille","isPartOf":{"@id":"https:\/\/1001oeil.com\/#website"},"primaryImageOfPage":{"@id":"https:\/\/1001oeil.com\/#primaryimage"},"image":{"@id":"https:\/\/1001oeil.com\/#primaryimage"},"thumbnailUrl":"https:\/\/1001oeil.com\/wp-content\/uploads\/2022\/11\/Fiestadessuds2022-BOKEH-WEB-2.jpg","datePublished":"2012-06-12T10:26:34+00:00","dateModified":"2026-02-08T15:00:11+00:00","description":"St\u00e9phane Chassignole. Timelapse, Montage vid\u00e9o, R\u00e9alisation vid\u00e9o, Photographie. Film de chantier, Reportage, Captation. Freelance Marseille.","breadcrumb":{"@id":"https:\/\/1001oeil.com\/#breadcrumb"},"inLanguage":"fr-FR","potentialAction":[{"@type":"ReadAction","target":["https:\/\/1001oeil.com\/"]}]},{"@type":"ImageObject","inLanguage":"fr-FR","@id":"https:\/\/1001oeil.com\/#primaryimage","url":"https:\/\/1001oeil.com\/wp-content\/uploads\/2022\/11\/Fiestadessuds2022-BOKEH-WEB-2.jpg","contentUrl":"https:\/\/1001oeil.com\/wp-content\/uploads\/2022\/11\/Fiestadessuds2022-BOKEH-WEB-2.jpg","width":1920,"height":1280},{"@type":"BreadcrumbList","@id":"https:\/\/1001oeil.com\/#breadcrumb","itemListElement":[{"@type":"ListItem","position":1,"name":"Accueil","item":"https:\/\/1001oeil.com\/"},{"@type":"ListItem","position":2,"name":"Accueil"}]},{"@type":"WebSite","@id":"https:\/\/1001oeil.com\/#website","url":"https:\/\/1001oeil.com\/","name":"1001 \u0153il","description":"Photographe R\u00e9alisateur","publisher":{"@id":"https:\/\/1001oeil.com\/#\/schema\/person\/5183086660880e33b3a1804821879ce1"},"potentialAction":[{"@type":"SearchAction","target":{"@type":"EntryPoint","urlTemplate":"https:\/\/1001oeil.com\/?s={search_term_string}"},"query-input":{"@type":"PropertyValueSpecification","valueRequired":true,"valueName":"search_term_string"}}],"inLanguage":"fr-FR"},{"@type":["Person","Organization"],"@id":"https:\/\/1001oeil.com\/#\/schema\/person\/5183086660880e33b3a1804821879ce1","name":"St\u00e9phane CHASSIGNOLE","image":{"@type":"ImageObject","inLanguage":"fr-FR","@id":"https:\/\/secure.gravatar.com\/avatar\/c741ff914b630d457c4ed947a119e5a0bd613d68105339c9af5c9ba86b201702?s=96&d=mm&r=g","url":"https:\/\/secure.gravatar.com\/avatar\/c741ff914b630d457c4ed947a119e5a0bd613d68105339c9af5c9ba86b201702?s=96&d=mm&r=g","contentUrl":"https:\/\/secure.gravatar.com\/avatar\/c741ff914b630d457c4ed947a119e5a0bd613d68105339c9af5c9ba86b201702?s=96&d=mm&r=g","caption":"St\u00e9phane CHASSIGNOLE"},"logo":{"@id":"https:\/\/secure.gravatar.com\/avatar\/c741ff914b630d457c4ed947a119e5a0bd613d68105339c9af5c9ba86b201702?s=96&d=mm&r=g"}}]}},"_links":{"self":[{"href":"https:\/\/1001oeil.com\/index.php\/wp-json\/wp\/v2\/pages\/3232","targetHints":{"allow":["GET"]}}],"collection":[{"href":"https:\/\/1001oeil.com\/index.php\/wp-json\/wp\/v2\/pages"}],"about":[{"href":"https:\/\/1001oeil.com\/index.php\/wp-json\/wp\/v2\/types\/page"}],"author":[{"embeddable":true,"href":"https:\/\/1001oeil.com\/index.php\/wp-json\/wp\/v2\/users\/2"}],"replies":[{"embeddable":true,"href":"https:\/\/1001oeil.com\/index.php\/wp-json\/wp\/v2\/comments?post=3232"}],"version-history":[{"count":6,"href":"https:\/\/1001oeil.com\/index.php\/wp-json\/wp\/v2\/pages\/3232\/revisions"}],"predecessor-version":[{"id":9835,"href":"https:\/\/1001oeil.com\/index.php\/wp-json\/wp\/v2\/pages\/3232\/revisions\/9835"}],"wp:featuredmedia":[{"embeddable":true,"href":"https:\/\/1001oeil.com\/index.php\/wp-json\/wp\/v2\/media\/10993"}],"wp:attachment":[{"href":"https:\/\/1001oeil.com\/index.php\/wp-json\/wp\/v2\/media?parent=3232"}],"curies":[{"name":"wp","href":"https:\/\/api.w.org\/{rel}","templated":true}]}}