{"id":31,"date":"2009-11-16T21:45:45","date_gmt":"2009-11-16T19:45:45","guid":{"rendered":"http:\/\/localhost\/forcg\/?page_id=18"},"modified":"2025-12-01T11:41:15","modified_gmt":"2025-12-01T10:41:15","slug":"contact","status":"publish","type":"page","link":"https:\/\/1001oeil.com\/index.php\/contact\/","title":{"rendered":"Contact"},"content":{"rendered":"<p><img loading=\"lazy\" decoding=\"async\" class=\"wp-image-11429 size-thumbnail alignnone\" src=\"https:\/\/1001oeil.com\/wp-content\/uploads\/2024\/02\/SCH-cube-base-150x150.png\" alt=\"\" width=\"150\" height=\"150\" srcset=\"https:\/\/1001oeil.com\/wp-content\/uploads\/2024\/02\/SCH-cube-base-150x150.png 150w, https:\/\/1001oeil.com\/wp-content\/uploads\/2024\/02\/SCH-cube-base-300x300.png 300w, https:\/\/1001oeil.com\/wp-content\/uploads\/2024\/02\/SCH-cube-base-768x768.png 768w, https:\/\/1001oeil.com\/wp-content\/uploads\/2024\/02\/SCH-cube-base.png 800w\" sizes=\"auto, (max-width: 150px) 100vw, 150px\" \/><\/p>\n","protected":false},"excerpt":{"rendered":"","protected":false},"author":2,"featured_media":7023,"parent":0,"menu_order":0,"comment_status":"closed","ping_status":"closed","template":"","meta":{"ngg_post_thumbnail":0,"footnotes":""},"class_list":["post-31","page","type-page","status-publish","has-post-thumbnail","hentry"],"yoast_head":"<!-- This site is optimized with the Yoast SEO plugin v27.3 - https:\/\/yoast.com\/product\/yoast-seo-wordpress\/ -->\n<title>Contact - 1001 \u0152iL - St\u00e9phane Chassignole - Marseille<\/title>\n<meta name=\"description\" content=\"N&#039;h\u00e9sitez pas \u00e0 nous contacter, nous nous ferons un plaisir de vous envoyer une r\u00e9ponse rapide \u00e0 votre demande. Devis gratuit. Ind\u00e9pendant Marseille.\" \/>\n<meta name=\"robots\" content=\"index, follow, max-snippet:-1, max-image-preview:large, max-video-preview:-1\" \/>\n<link rel=\"canonical\" href=\"https:\/\/1001oeil.com\/index.php\/contact\/\" \/>\n<meta property=\"og:locale\" content=\"fr_FR\" \/>\n<meta property=\"og:type\" content=\"article\" \/>\n<meta property=\"og:title\" content=\"Contact - 1001 \u0152iL - St\u00e9phane Chassignole - Marseille\" \/>\n<meta property=\"og:description\" content=\"N&#039;h\u00e9sitez pas \u00e0 nous contacter, nous nous ferons un plaisir de vous envoyer une r\u00e9ponse rapide \u00e0 votre demande. Devis gratuit. Ind\u00e9pendant Marseille.\" \/>\n<meta property=\"og:url\" content=\"https:\/\/1001oeil.com\/index.php\/contact\/\" \/>\n<meta property=\"og:site_name\" content=\"St\u00e9phane Chassignole\" \/>\n<meta property=\"article:modified_time\" content=\"2025-12-01T10:41:15+00:00\" \/>\n<meta property=\"og:image\" content=\"https:\/\/1001oeil.com\/wp-content\/uploads\/2018\/04\/default-logo.png\" \/>\n\t<meta property=\"og:image:width\" content=\"220\" \/>\n\t<meta property=\"og:image:height\" content=\"52\" \/>\n\t<meta property=\"og:image:type\" content=\"image\/png\" \/>\n<meta name=\"twitter:card\" content=\"summary_large_image\" \/>\n<meta name=\"twitter:label1\" content=\"Dur\u00e9e de lecture estim\u00e9e\" \/>\n\t<meta name=\"twitter:data1\" content=\"1 minute\" \/>\n<script type=\"application\/ld+json\" class=\"yoast-schema-graph\">{\"@context\":\"https:\\\/\\\/schema.org\",\"@graph\":[{\"@type\":\"WebPage\",\"@id\":\"https:\\\/\\\/1001oeil.com\\\/index.php\\\/contact\\\/\",\"url\":\"https:\\\/\\\/1001oeil.com\\\/index.php\\\/contact\\\/\",\"name\":\"Contact - 1001 \u0152iL - St\u00e9phane Chassignole - Marseille\",\"isPartOf\":{\"@id\":\"https:\\\/\\\/1001oeil.com\\\/#website\"},\"primaryImageOfPage\":{\"@id\":\"https:\\\/\\\/1001oeil.com\\\/index.php\\\/contact\\\/#primaryimage\"},\"image\":{\"@id\":\"https:\\\/\\\/1001oeil.com\\\/index.php\\\/contact\\\/#primaryimage\"},\"thumbnailUrl\":\"https:\\\/\\\/1001oeil.com\\\/wp-content\\\/uploads\\\/2018\\\/04\\\/default-logo.png\",\"datePublished\":\"2009-11-16T19:45:45+00:00\",\"dateModified\":\"2025-12-01T10:41:15+00:00\",\"description\":\"N'h\u00e9sitez pas \u00e0 nous contacter, nous nous ferons un plaisir de vous envoyer une r\u00e9ponse rapide \u00e0 votre demande. Devis gratuit. Ind\u00e9pendant Marseille.\",\"breadcrumb\":{\"@id\":\"https:\\\/\\\/1001oeil.com\\\/index.php\\\/contact\\\/#breadcrumb\"},\"inLanguage\":\"fr-FR\",\"potentialAction\":[{\"@type\":\"ReadAction\",\"target\":[\"https:\\\/\\\/1001oeil.com\\\/index.php\\\/contact\\\/\"]}]},{\"@type\":\"ImageObject\",\"inLanguage\":\"fr-FR\",\"@id\":\"https:\\\/\\\/1001oeil.com\\\/index.php\\\/contact\\\/#primaryimage\",\"url\":\"https:\\\/\\\/1001oeil.com\\\/wp-content\\\/uploads\\\/2018\\\/04\\\/default-logo.png\",\"contentUrl\":\"https:\\\/\\\/1001oeil.com\\\/wp-content\\\/uploads\\\/2018\\\/04\\\/default-logo.png\",\"width\":220,\"height\":52},{\"@type\":\"BreadcrumbList\",\"@id\":\"https:\\\/\\\/1001oeil.com\\\/index.php\\\/contact\\\/#breadcrumb\",\"itemListElement\":[{\"@type\":\"ListItem\",\"position\":1,\"name\":\"Accueil\",\"item\":\"https:\\\/\\\/1001oeil.com\\\/\"},{\"@type\":\"ListItem\",\"position\":2,\"name\":\"Contact\"}]},{\"@type\":\"WebSite\",\"@id\":\"https:\\\/\\\/1001oeil.com\\\/#website\",\"url\":\"https:\\\/\\\/1001oeil.com\\\/\",\"name\":\"1001 \u0153il\",\"description\":\"Photographe R\u00e9alisateur\",\"publisher\":{\"@id\":\"https:\\\/\\\/1001oeil.com\\\/#\\\/schema\\\/person\\\/5183086660880e33b3a1804821879ce1\"},\"potentialAction\":[{\"@type\":\"SearchAction\",\"target\":{\"@type\":\"EntryPoint\",\"urlTemplate\":\"https:\\\/\\\/1001oeil.com\\\/?s={search_term_string}\"},\"query-input\":{\"@type\":\"PropertyValueSpecification\",\"valueRequired\":true,\"valueName\":\"search_term_string\"}}],\"inLanguage\":\"fr-FR\"},{\"@type\":[\"Person\",\"Organization\"],\"@id\":\"https:\\\/\\\/1001oeil.com\\\/#\\\/schema\\\/person\\\/5183086660880e33b3a1804821879ce1\",\"name\":\"St\u00e9phane CHASSIGNOLE\",\"image\":{\"@type\":\"ImageObject\",\"inLanguage\":\"fr-FR\",\"@id\":\"https:\\\/\\\/secure.gravatar.com\\\/avatar\\\/c741ff914b630d457c4ed947a119e5a0bd613d68105339c9af5c9ba86b201702?s=96&d=mm&r=g\",\"url\":\"https:\\\/\\\/secure.gravatar.com\\\/avatar\\\/c741ff914b630d457c4ed947a119e5a0bd613d68105339c9af5c9ba86b201702?s=96&d=mm&r=g\",\"contentUrl\":\"https:\\\/\\\/secure.gravatar.com\\\/avatar\\\/c741ff914b630d457c4ed947a119e5a0bd613d68105339c9af5c9ba86b201702?s=96&d=mm&r=g\",\"caption\":\"St\u00e9phane CHASSIGNOLE\"},\"logo\":{\"@id\":\"https:\\\/\\\/secure.gravatar.com\\\/avatar\\\/c741ff914b630d457c4ed947a119e5a0bd613d68105339c9af5c9ba86b201702?s=96&d=mm&r=g\"}}]}<\/script>\n<!-- \/ Yoast SEO plugin. -->","yoast_head_json":{"title":"Contact - 1001 \u0152iL - St\u00e9phane Chassignole - Marseille","description":"N'h\u00e9sitez pas \u00e0 nous contacter, nous nous ferons un plaisir de vous envoyer une r\u00e9ponse rapide \u00e0 votre demande. Devis gratuit. Ind\u00e9pendant Marseille.","robots":{"index":"index","follow":"follow","max-snippet":"max-snippet:-1","max-image-preview":"max-image-preview:large","max-video-preview":"max-video-preview:-1"},"canonical":"https:\/\/1001oeil.com\/index.php\/contact\/","og_locale":"fr_FR","og_type":"article","og_title":"Contact - 1001 \u0152iL - St\u00e9phane Chassignole - Marseille","og_description":"N'h\u00e9sitez pas \u00e0 nous contacter, nous nous ferons un plaisir de vous envoyer une r\u00e9ponse rapide \u00e0 votre demande. Devis gratuit. Ind\u00e9pendant Marseille.","og_url":"https:\/\/1001oeil.com\/index.php\/contact\/","og_site_name":"St\u00e9phane Chassignole","article_modified_time":"2025-12-01T10:41:15+00:00","og_image":[{"width":220,"height":52,"url":"https:\/\/1001oeil.com\/wp-content\/uploads\/2018\/04\/default-logo.png","type":"image\/png"}],"twitter_card":"summary_large_image","twitter_misc":{"Dur\u00e9e de lecture estim\u00e9e":"1 minute"},"schema":{"@context":"https:\/\/schema.org","@graph":[{"@type":"WebPage","@id":"https:\/\/1001oeil.com\/index.php\/contact\/","url":"https:\/\/1001oeil.com\/index.php\/contact\/","name":"Contact - 1001 \u0152iL - St\u00e9phane Chassignole - Marseille","isPartOf":{"@id":"https:\/\/1001oeil.com\/#website"},"primaryImageOfPage":{"@id":"https:\/\/1001oeil.com\/index.php\/contact\/#primaryimage"},"image":{"@id":"https:\/\/1001oeil.com\/index.php\/contact\/#primaryimage"},"thumbnailUrl":"https:\/\/1001oeil.com\/wp-content\/uploads\/2018\/04\/default-logo.png","datePublished":"2009-11-16T19:45:45+00:00","dateModified":"2025-12-01T10:41:15+00:00","description":"N'h\u00e9sitez pas \u00e0 nous contacter, nous nous ferons un plaisir de vous envoyer une r\u00e9ponse rapide \u00e0 votre demande. Devis gratuit. Ind\u00e9pendant Marseille.","breadcrumb":{"@id":"https:\/\/1001oeil.com\/index.php\/contact\/#breadcrumb"},"inLanguage":"fr-FR","potentialAction":[{"@type":"ReadAction","target":["https:\/\/1001oeil.com\/index.php\/contact\/"]}]},{"@type":"ImageObject","inLanguage":"fr-FR","@id":"https:\/\/1001oeil.com\/index.php\/contact\/#primaryimage","url":"https:\/\/1001oeil.com\/wp-content\/uploads\/2018\/04\/default-logo.png","contentUrl":"https:\/\/1001oeil.com\/wp-content\/uploads\/2018\/04\/default-logo.png","width":220,"height":52},{"@type":"BreadcrumbList","@id":"https:\/\/1001oeil.com\/index.php\/contact\/#breadcrumb","itemListElement":[{"@type":"ListItem","position":1,"name":"Accueil","item":"https:\/\/1001oeil.com\/"},{"@type":"ListItem","position":2,"name":"Contact"}]},{"@type":"WebSite","@id":"https:\/\/1001oeil.com\/#website","url":"https:\/\/1001oeil.com\/","name":"1001 \u0153il","description":"Photographe R\u00e9alisateur","publisher":{"@id":"https:\/\/1001oeil.com\/#\/schema\/person\/5183086660880e33b3a1804821879ce1"},"potentialAction":[{"@type":"SearchAction","target":{"@type":"EntryPoint","urlTemplate":"https:\/\/1001oeil.com\/?s={search_term_string}"},"query-input":{"@type":"PropertyValueSpecification","valueRequired":true,"valueName":"search_term_string"}}],"inLanguage":"fr-FR"},{"@type":["Person","Organization"],"@id":"https:\/\/1001oeil.com\/#\/schema\/person\/5183086660880e33b3a1804821879ce1","name":"St\u00e9phane CHASSIGNOLE","image":{"@type":"ImageObject","inLanguage":"fr-FR","@id":"https:\/\/secure.gravatar.com\/avatar\/c741ff914b630d457c4ed947a119e5a0bd613d68105339c9af5c9ba86b201702?s=96&d=mm&r=g","url":"https:\/\/secure.gravatar.com\/avatar\/c741ff914b630d457c4ed947a119e5a0bd613d68105339c9af5c9ba86b201702?s=96&d=mm&r=g","contentUrl":"https:\/\/secure.gravatar.com\/avatar\/c741ff914b630d457c4ed947a119e5a0bd613d68105339c9af5c9ba86b201702?s=96&d=mm&r=g","caption":"St\u00e9phane CHASSIGNOLE"},"logo":{"@id":"https:\/\/secure.gravatar.com\/avatar\/c741ff914b630d457c4ed947a119e5a0bd613d68105339c9af5c9ba86b201702?s=96&d=mm&r=g"}}]}},"_links":{"self":[{"href":"https:\/\/1001oeil.com\/index.php\/wp-json\/wp\/v2\/pages\/31","targetHints":{"allow":["GET"]}}],"collection":[{"href":"https:\/\/1001oeil.com\/index.php\/wp-json\/wp\/v2\/pages"}],"about":[{"href":"https:\/\/1001oeil.com\/index.php\/wp-json\/wp\/v2\/types\/page"}],"author":[{"embeddable":true,"href":"https:\/\/1001oeil.com\/index.php\/wp-json\/wp\/v2\/users\/2"}],"replies":[{"embeddable":true,"href":"https:\/\/1001oeil.com\/index.php\/wp-json\/wp\/v2\/comments?post=31"}],"version-history":[{"count":53,"href":"https:\/\/1001oeil.com\/index.php\/wp-json\/wp\/v2\/pages\/31\/revisions"}],"predecessor-version":[{"id":11731,"href":"https:\/\/1001oeil.com\/index.php\/wp-json\/wp\/v2\/pages\/31\/revisions\/11731"}],"wp:featuredmedia":[{"embeddable":true,"href":"https:\/\/1001oeil.com\/index.php\/wp-json\/wp\/v2\/media\/7023"}],"wp:attachment":[{"href":"https:\/\/1001oeil.com\/index.php\/wp-json\/wp\/v2\/media?parent=31"}],"curies":[{"name":"wp","href":"https:\/\/api.w.org\/{rel}","templated":true}]}}