{"id":11611,"date":"2025-11-18T00:03:53","date_gmt":"2025-11-17T23:03:53","guid":{"rendered":"https:\/\/1001oeil.com\/?page_id=11611"},"modified":"2026-04-07T22:31:34","modified_gmt":"2026-04-07T20:31:34","slug":"les-tooligans","status":"publish","type":"page","link":"https:\/\/1001oeil.com\/index.php\/photo-video\/les-tooligans\/","title":{"rendered":"LES TOOLIGANS"},"content":{"rendered":"<p><img loading=\"lazy\" decoding=\"async\" class=\"wp-image-11616 size-full\" title=\"LES TOOLIGANS\" src=\"https:\/\/1001oeil.com\/wp-content\/uploads\/2025\/11\/Affiche-tooligans.jpg\" alt=\"LES TOOLIGANS\" width=\"1920\" height=\"1074\" srcset=\"https:\/\/1001oeil.com\/wp-content\/uploads\/2025\/11\/Affiche-tooligans.jpg 1920w, https:\/\/1001oeil.com\/wp-content\/uploads\/2025\/11\/Affiche-tooligans-300x168.jpg 300w, https:\/\/1001oeil.com\/wp-content\/uploads\/2025\/11\/Affiche-tooligans-768x430.jpg 768w, https:\/\/1001oeil.com\/wp-content\/uploads\/2025\/11\/Affiche-tooligans-1536x859.jpg 1536w\" sizes=\"auto, (max-width: 1920px) 100vw, 1920px\" \/><\/p>\n<h3 class=\"p1\" style=\"text-align: center;\"><span style=\"font-size: 14pt;\"><strong><span style=\"font-family: helvetica, arial, sans-serif;\"><span style=\"color: #000000;\">LES TOOLIGANS \u2014 <\/span><\/span><\/strong><span style=\"font-family: helvetica, arial, sans-serif;\"><span style=\"color: #000000;\">PHOTOGRAPHIES M\u00c9TALLIQUES<\/span><\/span><\/span><\/h3>\n<div id=\"attachment_11735\" style=\"width: 221px\" class=\"wp-caption alignright\"><a href=\"https:\/\/1001oeil.com\/wp-content\/uploads\/2025\/12\/05122025-DSC03326.jpg\"><img loading=\"lazy\" decoding=\"async\" aria-describedby=\"caption-attachment-11735\" class=\"wp-image-11735 size-medium\" title=\"KLANG \u2022 Le Roi des Fous \u2022 Les Tooligans \" src=\"https:\/\/1001oeil.com\/wp-content\/uploads\/2025\/12\/05122025-DSC03326-e1769561673200-211x300.jpg\" alt=\"KLANG \u2022 LE ROI DES FOUS \u2022 \u00a9 St\u00e9phane Chassignole\" width=\"211\" height=\"300\" srcset=\"https:\/\/1001oeil.com\/wp-content\/uploads\/2025\/12\/05122025-DSC03326-e1769561673200-211x300.jpg 211w, https:\/\/1001oeil.com\/wp-content\/uploads\/2025\/12\/05122025-DSC03326-e1769561673200-759x1080.jpg 759w, https:\/\/1001oeil.com\/wp-content\/uploads\/2025\/12\/05122025-DSC03326-e1769561673200-768x1093.jpg 768w, https:\/\/1001oeil.com\/wp-content\/uploads\/2025\/12\/05122025-DSC03326-e1769561673200-1079x1536.jpg 1079w, https:\/\/1001oeil.com\/wp-content\/uploads\/2025\/12\/05122025-DSC03326-e1769561673200.jpg 1133w\" sizes=\"auto, (max-width: 211px) 100vw, 211px\" \/><\/a><p id=\"caption-attachment-11735\" class=\"wp-caption-text\">KLANG \u2022 LE ROI DES FOUS<\/p><\/div>\n<p class=\"p2\"><span style=\"font-family: helvetica, arial, sans-serif; font-size: 14pt; color: #000000;\">Dans la s\u00e9rie TOOLIGANS, St\u00e9phane Chassignole explore la fronti\u00e8re entre&nbsp;l\u2019homme et l\u2019outil.<\/span><\/p>\n<p class=\"p1\"><span style=\"font-family: helvetica, arial, sans-serif; font-size: 14pt; color: #000000;\">\u00c0 travers une dizaine de portraits hybrides, il interroge la place que la machine, le geste m\u00e9canique et la mati\u00e8re prennent dans notre identit\u00e9. <\/span><span style=\"font-family: helvetica, arial, sans-serif; font-size: 14pt; color: #000000;\">Les visages s\u2019effacent, le m\u00e9tal domine : l\u2019outil semble penser \u00e0 notre&nbsp;place.<\/span><\/p>\n<p class=\"p1\"><span style=\"font-family: helvetica, arial, sans-serif; font-size: 14pt; color: #000000;\">Les \u0153uvres, imprim\u00e9es sur Dibond aluminium bross\u00e9 et pr\u00e9sent\u00e9es dans&nbsp;des cadres en m\u00e9tal fa\u00e7onn\u00e9s par \u00c9ric Gauthier, prolongent cette fusion&nbsp;entre image et mati\u00e8re.<\/span><\/p>\n<p class=\"p1\"><span style=\"font-family: helvetica, arial, sans-serif; font-size: 14pt; color: #000000;\">L\u2019exposition est accompagn\u00e9e d\u2019un film d\u2019animation d\u2019une minute, projet\u00e9 sur place : un teaser dans lequel les Tooligans s\u2019animent pour r\u00e9v\u00e9ler un univers visuel singulier et immersif.<\/span><\/p>\n<h3 class=\"p4\"><span style=\"color: #000000;\"><strong><span style=\"font-family: helvetica, arial, sans-serif; font-size: 14pt;\">QUAND LES OUTILS PRENNENT LA GROSSE TETE.&nbsp;<\/span><\/strong><\/span><\/h3>\n<p class=\"p1\"><span style=\"color: #000000;\"><span style=\"font-size: 14pt;\"><strong><span style=\"font-family: helvetica, arial, sans-serif;\">En exposition au<\/span><\/strong><\/span><span style=\"font-family: helvetica, arial, sans-serif;\"><span style=\"font-size: 14pt;\"><strong>&nbsp;LOFT DES CHARTREUX<\/strong><\/span><br \/>\nLes visites se font sur rendez-vous et pendants les \u00e9v\u00e9nements.<br \/>\n<\/span><\/span><\/p>\n<hr>\n<p><span style=\"font-family: helvetica, arial, sans-serif; font-size: 10pt; color: #000000;\"><strong><span style=\"font-size: 10pt;\">\u2022 LABO :<\/span><\/strong><span style=\"font-size: 10pt;\"> PICTO \u2022 Impression sur Dibon Alu Bross\u00e9<\/span><\/span><br \/>\n<span style=\"font-family: helvetica, arial, sans-serif; font-size: 10pt; color: #000000;\"><strong>\u2022 CADRES METAL :<\/strong> Fait main par Eric Gauthier \u2022 Contact : <a style=\"color: #000000;\" href=\"https:\/\/www.instagram.com\/eric.gthr\/\" target=\"_blank\" rel=\"noopener\">Eric.GTHR<\/a><\/span><br \/>\n<span style=\"font-family: helvetica, arial, sans-serif; font-size: 10pt; color: #000000;\"><strong>\u2022 ART GALLERY :<\/strong> LE LOFT DES CHARTREUX 102 avenue des chartreux 13004 Marseille \u2022 <span style=\"font-family: helvetica, arial, sans-serif;\">Contact : <span style=\"color: #000000;\">@loftdeschartreux<\/span>&nbsp;<a style=\"color: #000000;\" href=\"https:\/\/www.loftdeschartreux.fr\/art-gallery\" target=\"_blank\" rel=\"noopener\">loftdeschartreux.fr\/contact&nbsp;<\/a><\/span><\/span><\/p>\n<hr>\n<h2>GALERIE :<\/h2>\n","protected":false},"excerpt":{"rendered":"<p>LES TOOLIGANS \u2014 PHOTOGRAPHIES M\u00c9TALLIQUES Dans la s\u00e9rie TOOLIGANS, St\u00e9phane Chassignole explore la fronti\u00e8re entre&nbsp;l\u2019homme et l\u2019outil. \u00c0 travers une dizaine de portraits hybrides, il interroge la place que la machine, le geste m\u00e9canique et la mati\u00e8re prennent dans notre identit\u00e9. Les visages s\u2019effacent, le m\u00e9tal domine : l\u2019outil semble penser \u00e0 notre&nbsp;place. Les \u0153uvres, imprim\u00e9es sur Dibond aluminium bross\u00e9 et pr\u00e9sent\u00e9es dans&nbsp;des cadres en m\u00e9tal fa\u00e7onn\u00e9s par \u00c9ric Gauthier, prolongent cette fusion&nbsp;entre image et mati\u00e8re. L\u2019exposition est accompagn\u00e9e d\u2019un film d\u2019animation d\u2019une minute, projet\u00e9 sur place : un teaser dans lequel les Tooligans s\u2019animent pour r\u00e9v\u00e9ler un univers visuel singulier et immersif. QUAND LES OUTILS PRENNENT LA GROSSE TETE.&nbsp; En exposition au&nbsp;LOFT DES CHARTREUX Les visites se font sur rendez-vous et pendants les \u00e9v\u00e9nements. \u2022 LABO : PICTO \u2022 Impression sur Dibon Alu Bross\u00e9 \u2022 CADRES METAL : Fait main par Eric Gauthier \u2022 Contact : Eric.GTHR \u2022 ART GALLERY : LE LOFT DES CHARTREUX 102 avenue des chartreux 13004 Marseille \u2022 Contact : @loftdeschartreux&nbsp;loftdeschartreux.fr\/contact&nbsp; GALERIE :<\/p>\n","protected":false},"author":2,"featured_media":11616,"parent":6311,"menu_order":0,"comment_status":"closed","ping_status":"closed","template":"","meta":{"ngg_post_thumbnail":0,"footnotes":""},"class_list":["post-11611","page","type-page","status-publish","has-post-thumbnail","hentry"],"yoast_head":"<!-- This site is optimized with the Yoast SEO plugin v27.3 - https:\/\/yoast.com\/product\/yoast-seo-wordpress\/ -->\n<title>LES TOOLIGANS -<\/title>\n<meta name=\"robots\" content=\"index, follow, max-snippet:-1, max-image-preview:large, max-video-preview:-1\" \/>\n<link rel=\"canonical\" href=\"https:\/\/1001oeil.com\/index.php\/photo-video\/les-tooligans\/\" \/>\n<meta property=\"og:locale\" content=\"fr_FR\" \/>\n<meta property=\"og:type\" content=\"article\" \/>\n<meta property=\"og:title\" content=\"LES TOOLIGANS -\" \/>\n<meta property=\"og:description\" content=\"LES TOOLIGANS \u2014 PHOTOGRAPHIES M\u00c9TALLIQUES Dans la s\u00e9rie TOOLIGANS, St\u00e9phane Chassignole explore la fronti\u00e8re entre&nbsp;l\u2019homme et l\u2019outil. \u00c0 travers une dizaine de portraits hybrides, il interroge la place que la machine, le geste m\u00e9canique et la mati\u00e8re prennent dans notre identit\u00e9. Les visages s\u2019effacent, le m\u00e9tal domine : l\u2019outil semble penser \u00e0 notre&nbsp;place. Les \u0153uvres, imprim\u00e9es sur Dibond aluminium bross\u00e9 et pr\u00e9sent\u00e9es dans&nbsp;des cadres en m\u00e9tal fa\u00e7onn\u00e9s par \u00c9ric Gauthier, prolongent cette fusion&nbsp;entre image et mati\u00e8re. L\u2019exposition est accompagn\u00e9e d\u2019un film d\u2019animation d\u2019une minute, projet\u00e9 sur place : un teaser dans lequel les Tooligans s\u2019animent pour r\u00e9v\u00e9ler un univers visuel singulier et immersif. QUAND LES OUTILS PRENNENT LA GROSSE TETE.&nbsp; En exposition au&nbsp;LOFT DES CHARTREUX Les visites se font sur rendez-vous et pendants les \u00e9v\u00e9nements. \u2022 LABO : PICTO \u2022 Impression sur Dibon Alu Bross\u00e9 \u2022 CADRES METAL : Fait main par Eric Gauthier \u2022 Contact : Eric.GTHR \u2022 ART GALLERY : LE LOFT DES CHARTREUX 102 avenue des chartreux 13004 Marseille \u2022 Contact : @loftdeschartreux&nbsp;loftdeschartreux.fr\/contact&nbsp; GALERIE :\" \/>\n<meta property=\"og:url\" content=\"https:\/\/1001oeil.com\/index.php\/photo-video\/les-tooligans\/\" \/>\n<meta property=\"og:site_name\" content=\"St\u00e9phane Chassignole\" \/>\n<meta property=\"article:modified_time\" content=\"2026-04-07T20:31:34+00:00\" \/>\n<meta property=\"og:image\" content=\"https:\/\/1001oeil.com\/wp-content\/uploads\/2025\/11\/Affiche-tooligans.jpg\" \/>\n\t<meta property=\"og:image:width\" content=\"1920\" \/>\n\t<meta property=\"og:image:height\" content=\"1074\" \/>\n\t<meta property=\"og:image:type\" content=\"image\/jpeg\" \/>\n<meta name=\"twitter:card\" content=\"summary_large_image\" \/>\n<meta name=\"twitter:label1\" content=\"Dur\u00e9e de lecture estim\u00e9e\" \/>\n\t<meta name=\"twitter:data1\" content=\"2 minutes\" \/>\n<script type=\"application\/ld+json\" class=\"yoast-schema-graph\">{\"@context\":\"https:\\\/\\\/schema.org\",\"@graph\":[{\"@type\":\"WebPage\",\"@id\":\"https:\\\/\\\/1001oeil.com\\\/index.php\\\/photo-video\\\/les-tooligans\\\/\",\"url\":\"https:\\\/\\\/1001oeil.com\\\/index.php\\\/photo-video\\\/les-tooligans\\\/\",\"name\":\"LES TOOLIGANS -\",\"isPartOf\":{\"@id\":\"https:\\\/\\\/1001oeil.com\\\/#website\"},\"primaryImageOfPage\":{\"@id\":\"https:\\\/\\\/1001oeil.com\\\/index.php\\\/photo-video\\\/les-tooligans\\\/#primaryimage\"},\"image\":{\"@id\":\"https:\\\/\\\/1001oeil.com\\\/index.php\\\/photo-video\\\/les-tooligans\\\/#primaryimage\"},\"thumbnailUrl\":\"https:\\\/\\\/1001oeil.com\\\/wp-content\\\/uploads\\\/2025\\\/11\\\/Affiche-tooligans.jpg\",\"datePublished\":\"2025-11-17T23:03:53+00:00\",\"dateModified\":\"2026-04-07T20:31:34+00:00\",\"breadcrumb\":{\"@id\":\"https:\\\/\\\/1001oeil.com\\\/index.php\\\/photo-video\\\/les-tooligans\\\/#breadcrumb\"},\"inLanguage\":\"fr-FR\",\"potentialAction\":[{\"@type\":\"ReadAction\",\"target\":[\"https:\\\/\\\/1001oeil.com\\\/index.php\\\/photo-video\\\/les-tooligans\\\/\"]}]},{\"@type\":\"ImageObject\",\"inLanguage\":\"fr-FR\",\"@id\":\"https:\\\/\\\/1001oeil.com\\\/index.php\\\/photo-video\\\/les-tooligans\\\/#primaryimage\",\"url\":\"https:\\\/\\\/1001oeil.com\\\/wp-content\\\/uploads\\\/2025\\\/11\\\/Affiche-tooligans.jpg\",\"contentUrl\":\"https:\\\/\\\/1001oeil.com\\\/wp-content\\\/uploads\\\/2025\\\/11\\\/Affiche-tooligans.jpg\",\"width\":1920,\"height\":1074,\"caption\":\"QUAND LES OUTILS PRENNENT LA GROSSE TETE\"},{\"@type\":\"BreadcrumbList\",\"@id\":\"https:\\\/\\\/1001oeil.com\\\/index.php\\\/photo-video\\\/les-tooligans\\\/#breadcrumb\",\"itemListElement\":[{\"@type\":\"ListItem\",\"position\":1,\"name\":\"Accueil\",\"item\":\"https:\\\/\\\/1001oeil.com\\\/\"},{\"@type\":\"ListItem\",\"position\":2,\"name\":\"LE REGARD\",\"item\":\"https:\\\/\\\/1001oeil.com\\\/index.php\\\/photo-video\\\/\"},{\"@type\":\"ListItem\",\"position\":3,\"name\":\"LES TOOLIGANS\"}]},{\"@type\":\"WebSite\",\"@id\":\"https:\\\/\\\/1001oeil.com\\\/#website\",\"url\":\"https:\\\/\\\/1001oeil.com\\\/\",\"name\":\"1001 \u0153il\",\"description\":\"Photographe R\u00e9alisateur\",\"publisher\":{\"@id\":\"https:\\\/\\\/1001oeil.com\\\/#\\\/schema\\\/person\\\/5183086660880e33b3a1804821879ce1\"},\"potentialAction\":[{\"@type\":\"SearchAction\",\"target\":{\"@type\":\"EntryPoint\",\"urlTemplate\":\"https:\\\/\\\/1001oeil.com\\\/?s={search_term_string}\"},\"query-input\":{\"@type\":\"PropertyValueSpecification\",\"valueRequired\":true,\"valueName\":\"search_term_string\"}}],\"inLanguage\":\"fr-FR\"},{\"@type\":[\"Person\",\"Organization\"],\"@id\":\"https:\\\/\\\/1001oeil.com\\\/#\\\/schema\\\/person\\\/5183086660880e33b3a1804821879ce1\",\"name\":\"St\u00e9phane CHASSIGNOLE\",\"image\":{\"@type\":\"ImageObject\",\"inLanguage\":\"fr-FR\",\"@id\":\"https:\\\/\\\/secure.gravatar.com\\\/avatar\\\/c741ff914b630d457c4ed947a119e5a0bd613d68105339c9af5c9ba86b201702?s=96&d=mm&r=g\",\"url\":\"https:\\\/\\\/secure.gravatar.com\\\/avatar\\\/c741ff914b630d457c4ed947a119e5a0bd613d68105339c9af5c9ba86b201702?s=96&d=mm&r=g\",\"contentUrl\":\"https:\\\/\\\/secure.gravatar.com\\\/avatar\\\/c741ff914b630d457c4ed947a119e5a0bd613d68105339c9af5c9ba86b201702?s=96&d=mm&r=g\",\"caption\":\"St\u00e9phane CHASSIGNOLE\"},\"logo\":{\"@id\":\"https:\\\/\\\/secure.gravatar.com\\\/avatar\\\/c741ff914b630d457c4ed947a119e5a0bd613d68105339c9af5c9ba86b201702?s=96&d=mm&r=g\"}}]}<\/script>\n<!-- \/ Yoast SEO plugin. -->","yoast_head_json":{"title":"LES TOOLIGANS -","robots":{"index":"index","follow":"follow","max-snippet":"max-snippet:-1","max-image-preview":"max-image-preview:large","max-video-preview":"max-video-preview:-1"},"canonical":"https:\/\/1001oeil.com\/index.php\/photo-video\/les-tooligans\/","og_locale":"fr_FR","og_type":"article","og_title":"LES TOOLIGANS -","og_description":"LES TOOLIGANS \u2014 PHOTOGRAPHIES M\u00c9TALLIQUES Dans la s\u00e9rie TOOLIGANS, St\u00e9phane Chassignole explore la fronti\u00e8re entre&nbsp;l\u2019homme et l\u2019outil. \u00c0 travers une dizaine de portraits hybrides, il interroge la place que la machine, le geste m\u00e9canique et la mati\u00e8re prennent dans notre identit\u00e9. Les visages s\u2019effacent, le m\u00e9tal domine : l\u2019outil semble penser \u00e0 notre&nbsp;place. Les \u0153uvres, imprim\u00e9es sur Dibond aluminium bross\u00e9 et pr\u00e9sent\u00e9es dans&nbsp;des cadres en m\u00e9tal fa\u00e7onn\u00e9s par \u00c9ric Gauthier, prolongent cette fusion&nbsp;entre image et mati\u00e8re. L\u2019exposition est accompagn\u00e9e d\u2019un film d\u2019animation d\u2019une minute, projet\u00e9 sur place : un teaser dans lequel les Tooligans s\u2019animent pour r\u00e9v\u00e9ler un univers visuel singulier et immersif. QUAND LES OUTILS PRENNENT LA GROSSE TETE.&nbsp; En exposition au&nbsp;LOFT DES CHARTREUX Les visites se font sur rendez-vous et pendants les \u00e9v\u00e9nements. \u2022 LABO : PICTO \u2022 Impression sur Dibon Alu Bross\u00e9 \u2022 CADRES METAL : Fait main par Eric Gauthier \u2022 Contact : Eric.GTHR \u2022 ART GALLERY : LE LOFT DES CHARTREUX 102 avenue des chartreux 13004 Marseille \u2022 Contact : @loftdeschartreux&nbsp;loftdeschartreux.fr\/contact&nbsp; GALERIE :","og_url":"https:\/\/1001oeil.com\/index.php\/photo-video\/les-tooligans\/","og_site_name":"St\u00e9phane Chassignole","article_modified_time":"2026-04-07T20:31:34+00:00","og_image":[{"width":1920,"height":1074,"url":"https:\/\/1001oeil.com\/wp-content\/uploads\/2025\/11\/Affiche-tooligans.jpg","type":"image\/jpeg"}],"twitter_card":"summary_large_image","twitter_misc":{"Dur\u00e9e de lecture estim\u00e9e":"2 minutes"},"schema":{"@context":"https:\/\/schema.org","@graph":[{"@type":"WebPage","@id":"https:\/\/1001oeil.com\/index.php\/photo-video\/les-tooligans\/","url":"https:\/\/1001oeil.com\/index.php\/photo-video\/les-tooligans\/","name":"LES TOOLIGANS -","isPartOf":{"@id":"https:\/\/1001oeil.com\/#website"},"primaryImageOfPage":{"@id":"https:\/\/1001oeil.com\/index.php\/photo-video\/les-tooligans\/#primaryimage"},"image":{"@id":"https:\/\/1001oeil.com\/index.php\/photo-video\/les-tooligans\/#primaryimage"},"thumbnailUrl":"https:\/\/1001oeil.com\/wp-content\/uploads\/2025\/11\/Affiche-tooligans.jpg","datePublished":"2025-11-17T23:03:53+00:00","dateModified":"2026-04-07T20:31:34+00:00","breadcrumb":{"@id":"https:\/\/1001oeil.com\/index.php\/photo-video\/les-tooligans\/#breadcrumb"},"inLanguage":"fr-FR","potentialAction":[{"@type":"ReadAction","target":["https:\/\/1001oeil.com\/index.php\/photo-video\/les-tooligans\/"]}]},{"@type":"ImageObject","inLanguage":"fr-FR","@id":"https:\/\/1001oeil.com\/index.php\/photo-video\/les-tooligans\/#primaryimage","url":"https:\/\/1001oeil.com\/wp-content\/uploads\/2025\/11\/Affiche-tooligans.jpg","contentUrl":"https:\/\/1001oeil.com\/wp-content\/uploads\/2025\/11\/Affiche-tooligans.jpg","width":1920,"height":1074,"caption":"QUAND LES OUTILS PRENNENT LA GROSSE TETE"},{"@type":"BreadcrumbList","@id":"https:\/\/1001oeil.com\/index.php\/photo-video\/les-tooligans\/#breadcrumb","itemListElement":[{"@type":"ListItem","position":1,"name":"Accueil","item":"https:\/\/1001oeil.com\/"},{"@type":"ListItem","position":2,"name":"LE REGARD","item":"https:\/\/1001oeil.com\/index.php\/photo-video\/"},{"@type":"ListItem","position":3,"name":"LES TOOLIGANS"}]},{"@type":"WebSite","@id":"https:\/\/1001oeil.com\/#website","url":"https:\/\/1001oeil.com\/","name":"1001 \u0153il","description":"Photographe R\u00e9alisateur","publisher":{"@id":"https:\/\/1001oeil.com\/#\/schema\/person\/5183086660880e33b3a1804821879ce1"},"potentialAction":[{"@type":"SearchAction","target":{"@type":"EntryPoint","urlTemplate":"https:\/\/1001oeil.com\/?s={search_term_string}"},"query-input":{"@type":"PropertyValueSpecification","valueRequired":true,"valueName":"search_term_string"}}],"inLanguage":"fr-FR"},{"@type":["Person","Organization"],"@id":"https:\/\/1001oeil.com\/#\/schema\/person\/5183086660880e33b3a1804821879ce1","name":"St\u00e9phane CHASSIGNOLE","image":{"@type":"ImageObject","inLanguage":"fr-FR","@id":"https:\/\/secure.gravatar.com\/avatar\/c741ff914b630d457c4ed947a119e5a0bd613d68105339c9af5c9ba86b201702?s=96&d=mm&r=g","url":"https:\/\/secure.gravatar.com\/avatar\/c741ff914b630d457c4ed947a119e5a0bd613d68105339c9af5c9ba86b201702?s=96&d=mm&r=g","contentUrl":"https:\/\/secure.gravatar.com\/avatar\/c741ff914b630d457c4ed947a119e5a0bd613d68105339c9af5c9ba86b201702?s=96&d=mm&r=g","caption":"St\u00e9phane CHASSIGNOLE"},"logo":{"@id":"https:\/\/secure.gravatar.com\/avatar\/c741ff914b630d457c4ed947a119e5a0bd613d68105339c9af5c9ba86b201702?s=96&d=mm&r=g"}}]}},"_links":{"self":[{"href":"https:\/\/1001oeil.com\/index.php\/wp-json\/wp\/v2\/pages\/11611","targetHints":{"allow":["GET"]}}],"collection":[{"href":"https:\/\/1001oeil.com\/index.php\/wp-json\/wp\/v2\/pages"}],"about":[{"href":"https:\/\/1001oeil.com\/index.php\/wp-json\/wp\/v2\/types\/page"}],"author":[{"embeddable":true,"href":"https:\/\/1001oeil.com\/index.php\/wp-json\/wp\/v2\/users\/2"}],"replies":[{"embeddable":true,"href":"https:\/\/1001oeil.com\/index.php\/wp-json\/wp\/v2\/comments?post=11611"}],"version-history":[{"count":73,"href":"https:\/\/1001oeil.com\/index.php\/wp-json\/wp\/v2\/pages\/11611\/revisions"}],"predecessor-version":[{"id":11817,"href":"https:\/\/1001oeil.com\/index.php\/wp-json\/wp\/v2\/pages\/11611\/revisions\/11817"}],"up":[{"embeddable":true,"href":"https:\/\/1001oeil.com\/index.php\/wp-json\/wp\/v2\/pages\/6311"}],"wp:featuredmedia":[{"embeddable":true,"href":"https:\/\/1001oeil.com\/index.php\/wp-json\/wp\/v2\/media\/11616"}],"wp:attachment":[{"href":"https:\/\/1001oeil.com\/index.php\/wp-json\/wp\/v2\/media?parent=11611"}],"curies":[{"name":"wp","href":"https:\/\/api.w.org\/{rel}","templated":true}]}}