{"id":10304,"date":"2021-11-01T18:07:11","date_gmt":"2021-11-01T17:07:11","guid":{"rendered":"https:\/\/1001oeil.com\/?page_id=10304"},"modified":"2021-11-01T18:12:52","modified_gmt":"2021-11-01T17:12:52","slug":"post-production-timelapse","status":"publish","type":"page","link":"https:\/\/1001oeil.com\/index.php\/post-production-timelapse\/","title":{"rendered":"POST PRODUCTION TIMELAPSE"},"content":{"rendered":"<h3>Montage num\u00e9rique de films Timelapse, pour le BTP et l&rsquo;\u00e9v\u00e9nementiel<\/h3>\n<h4>Diff\u00e9rents types de projets :<\/h4>\n<ol style=\"list-style-type: upper-roman;\">\n<li><span style=\"font-family: arial, helvetica, sans-serif;\"><strong>Timelapse Standard<\/strong><\/span><\/li>\n<li><span style=\"font-family: arial, helvetica, sans-serif;\"><strong>Timelapse \u00e9labor\u00e9<\/strong><\/span><\/li>\n<li><span style=\"font-family: arial, helvetica, sans-serif;\"><strong>Timelapse Complexe<\/strong><\/span><\/li>\n<\/ol>\n<h4>&nbsp;<\/h4>\n<h4><b>LES TARIFS VARIENT SELON CES PARAMETRES :<\/b><\/h4>\n<ul style=\"list-style-type: square;\">\n<li><b>Nombre d\u2019images<\/b><\/li>\n<li><b>Taille du chantier<\/b>, nombres de b\u00e2timents \u00e0 suivre, et surface du chantier<\/li>\n<li><b>Nombre de cam\u00e9ra<\/b><\/li>\n<li><b>Videos additionelles<\/b> : Drone, \u2026<\/li>\n<\/ul>\n<h4>&nbsp;<\/h4>\n<h4><b>MONTAGE VIDEO avec suite Adobe<\/b><\/h4>\n<ul style=\"list-style-type: square;\">\n<li>Trie des images.<\/li>\n<li>S\u00e9lection des meilleures s\u00e9quences<\/li>\n<li>Montage des s\u00e9quences sur le rythme de la musique<\/li>\n<li>Choix d\u2019une musique libre de droit<\/li>\n<li>Raccords et transitions vid\u00e9o<\/li>\n<li>Habillage et g\u00e9n\u00e9rique de la vid\u00e9o<\/li>\n<li>Etalonnage du film<\/li>\n<li>Export vid\u00e9o du film<\/li>\n<li>Livraison du film par serveur ftp<\/li>\n<\/ul>\n","protected":false},"excerpt":{"rendered":"<p>Montage num\u00e9rique de films Timelapse, pour le BTP et l&rsquo;\u00e9v\u00e9nementiel Diff\u00e9rents types de projets : Timelapse Standard Timelapse \u00e9labor\u00e9 Timelapse Complexe &nbsp; LES TARIFS VARIENT SELON CES PARAMETRES : Nombre d\u2019images Taille du chantier, nombres de b\u00e2timents \u00e0 suivre, et surface du chantier Nombre de cam\u00e9ra Videos additionelles : Drone, \u2026 &nbsp; MONTAGE VIDEO avec suite Adobe Trie des images. S\u00e9lection des meilleures s\u00e9quences Montage des s\u00e9quences sur le rythme de la musique Choix d\u2019une musique libre de droit Raccords et transitions vid\u00e9o Habillage et g\u00e9n\u00e9rique de la vid\u00e9o Etalonnage du film Export vid\u00e9o du film Livraison du film par serveur ftp<\/p>\n","protected":false},"author":2,"featured_media":0,"parent":0,"menu_order":0,"comment_status":"closed","ping_status":"closed","template":"","meta":{"ngg_post_thumbnail":0,"footnotes":""},"class_list":["post-10304","page","type-page","status-publish","hentry"],"yoast_head":"<!-- This site is optimized with the Yoast SEO plugin v27.3 - https:\/\/yoast.com\/product\/yoast-seo-wordpress\/ -->\n<title>POST PRODUCTION TIMELAPSE -<\/title>\n<meta name=\"robots\" content=\"index, follow, max-snippet:-1, max-image-preview:large, max-video-preview:-1\" \/>\n<link rel=\"canonical\" href=\"https:\/\/1001oeil.com\/index.php\/post-production-timelapse\/\" \/>\n<meta property=\"og:locale\" content=\"fr_FR\" \/>\n<meta property=\"og:type\" content=\"article\" \/>\n<meta property=\"og:title\" content=\"POST PRODUCTION TIMELAPSE -\" \/>\n<meta property=\"og:description\" content=\"Montage num\u00e9rique de films Timelapse, pour le BTP et l&rsquo;\u00e9v\u00e9nementiel Diff\u00e9rents types de projets : Timelapse Standard Timelapse \u00e9labor\u00e9 Timelapse Complexe &nbsp; LES TARIFS VARIENT SELON CES PARAMETRES : Nombre d\u2019images Taille du chantier, nombres de b\u00e2timents \u00e0 suivre, et surface du chantier Nombre de cam\u00e9ra Videos additionelles : Drone, \u2026 &nbsp; MONTAGE VIDEO avec suite Adobe Trie des images. S\u00e9lection des meilleures s\u00e9quences Montage des s\u00e9quences sur le rythme de la musique Choix d\u2019une musique libre de droit Raccords et transitions vid\u00e9o Habillage et g\u00e9n\u00e9rique de la vid\u00e9o Etalonnage du film Export vid\u00e9o du film Livraison du film par serveur ftp\" \/>\n<meta property=\"og:url\" content=\"https:\/\/1001oeil.com\/index.php\/post-production-timelapse\/\" \/>\n<meta property=\"og:site_name\" content=\"St\u00e9phane Chassignole\" \/>\n<meta property=\"article:modified_time\" content=\"2021-11-01T17:12:52+00:00\" \/>\n<meta name=\"twitter:card\" content=\"summary_large_image\" \/>\n<meta name=\"twitter:label1\" content=\"Dur\u00e9e de lecture estim\u00e9e\" \/>\n\t<meta name=\"twitter:data1\" content=\"1 minute\" \/>\n<script type=\"application\/ld+json\" class=\"yoast-schema-graph\">{\"@context\":\"https:\\\/\\\/schema.org\",\"@graph\":[{\"@type\":\"WebPage\",\"@id\":\"https:\\\/\\\/1001oeil.com\\\/index.php\\\/post-production-timelapse\\\/\",\"url\":\"https:\\\/\\\/1001oeil.com\\\/index.php\\\/post-production-timelapse\\\/\",\"name\":\"POST PRODUCTION TIMELAPSE -\",\"isPartOf\":{\"@id\":\"https:\\\/\\\/1001oeil.com\\\/#website\"},\"datePublished\":\"2021-11-01T17:07:11+00:00\",\"dateModified\":\"2021-11-01T17:12:52+00:00\",\"breadcrumb\":{\"@id\":\"https:\\\/\\\/1001oeil.com\\\/index.php\\\/post-production-timelapse\\\/#breadcrumb\"},\"inLanguage\":\"fr-FR\",\"potentialAction\":[{\"@type\":\"ReadAction\",\"target\":[\"https:\\\/\\\/1001oeil.com\\\/index.php\\\/post-production-timelapse\\\/\"]}]},{\"@type\":\"BreadcrumbList\",\"@id\":\"https:\\\/\\\/1001oeil.com\\\/index.php\\\/post-production-timelapse\\\/#breadcrumb\",\"itemListElement\":[{\"@type\":\"ListItem\",\"position\":1,\"name\":\"Accueil\",\"item\":\"https:\\\/\\\/1001oeil.com\\\/\"},{\"@type\":\"ListItem\",\"position\":2,\"name\":\"POST PRODUCTION TIMELAPSE\"}]},{\"@type\":\"WebSite\",\"@id\":\"https:\\\/\\\/1001oeil.com\\\/#website\",\"url\":\"https:\\\/\\\/1001oeil.com\\\/\",\"name\":\"1001 \u0153il\",\"description\":\"Photographe R\u00e9alisateur\",\"publisher\":{\"@id\":\"https:\\\/\\\/1001oeil.com\\\/#\\\/schema\\\/person\\\/5183086660880e33b3a1804821879ce1\"},\"potentialAction\":[{\"@type\":\"SearchAction\",\"target\":{\"@type\":\"EntryPoint\",\"urlTemplate\":\"https:\\\/\\\/1001oeil.com\\\/?s={search_term_string}\"},\"query-input\":{\"@type\":\"PropertyValueSpecification\",\"valueRequired\":true,\"valueName\":\"search_term_string\"}}],\"inLanguage\":\"fr-FR\"},{\"@type\":[\"Person\",\"Organization\"],\"@id\":\"https:\\\/\\\/1001oeil.com\\\/#\\\/schema\\\/person\\\/5183086660880e33b3a1804821879ce1\",\"name\":\"St\u00e9phane CHASSIGNOLE\",\"image\":{\"@type\":\"ImageObject\",\"inLanguage\":\"fr-FR\",\"@id\":\"https:\\\/\\\/secure.gravatar.com\\\/avatar\\\/c741ff914b630d457c4ed947a119e5a0bd613d68105339c9af5c9ba86b201702?s=96&d=mm&r=g\",\"url\":\"https:\\\/\\\/secure.gravatar.com\\\/avatar\\\/c741ff914b630d457c4ed947a119e5a0bd613d68105339c9af5c9ba86b201702?s=96&d=mm&r=g\",\"contentUrl\":\"https:\\\/\\\/secure.gravatar.com\\\/avatar\\\/c741ff914b630d457c4ed947a119e5a0bd613d68105339c9af5c9ba86b201702?s=96&d=mm&r=g\",\"caption\":\"St\u00e9phane CHASSIGNOLE\"},\"logo\":{\"@id\":\"https:\\\/\\\/secure.gravatar.com\\\/avatar\\\/c741ff914b630d457c4ed947a119e5a0bd613d68105339c9af5c9ba86b201702?s=96&d=mm&r=g\"}}]}<\/script>\n<!-- \/ Yoast SEO plugin. -->","yoast_head_json":{"title":"POST PRODUCTION TIMELAPSE -","robots":{"index":"index","follow":"follow","max-snippet":"max-snippet:-1","max-image-preview":"max-image-preview:large","max-video-preview":"max-video-preview:-1"},"canonical":"https:\/\/1001oeil.com\/index.php\/post-production-timelapse\/","og_locale":"fr_FR","og_type":"article","og_title":"POST PRODUCTION TIMELAPSE -","og_description":"Montage num\u00e9rique de films Timelapse, pour le BTP et l&rsquo;\u00e9v\u00e9nementiel Diff\u00e9rents types de projets : Timelapse Standard Timelapse \u00e9labor\u00e9 Timelapse Complexe &nbsp; LES TARIFS VARIENT SELON CES PARAMETRES : Nombre d\u2019images Taille du chantier, nombres de b\u00e2timents \u00e0 suivre, et surface du chantier Nombre de cam\u00e9ra Videos additionelles : Drone, \u2026 &nbsp; MONTAGE VIDEO avec suite Adobe Trie des images. S\u00e9lection des meilleures s\u00e9quences Montage des s\u00e9quences sur le rythme de la musique Choix d\u2019une musique libre de droit Raccords et transitions vid\u00e9o Habillage et g\u00e9n\u00e9rique de la vid\u00e9o Etalonnage du film Export vid\u00e9o du film Livraison du film par serveur ftp","og_url":"https:\/\/1001oeil.com\/index.php\/post-production-timelapse\/","og_site_name":"St\u00e9phane Chassignole","article_modified_time":"2021-11-01T17:12:52+00:00","twitter_card":"summary_large_image","twitter_misc":{"Dur\u00e9e de lecture estim\u00e9e":"1 minute"},"schema":{"@context":"https:\/\/schema.org","@graph":[{"@type":"WebPage","@id":"https:\/\/1001oeil.com\/index.php\/post-production-timelapse\/","url":"https:\/\/1001oeil.com\/index.php\/post-production-timelapse\/","name":"POST PRODUCTION TIMELAPSE -","isPartOf":{"@id":"https:\/\/1001oeil.com\/#website"},"datePublished":"2021-11-01T17:07:11+00:00","dateModified":"2021-11-01T17:12:52+00:00","breadcrumb":{"@id":"https:\/\/1001oeil.com\/index.php\/post-production-timelapse\/#breadcrumb"},"inLanguage":"fr-FR","potentialAction":[{"@type":"ReadAction","target":["https:\/\/1001oeil.com\/index.php\/post-production-timelapse\/"]}]},{"@type":"BreadcrumbList","@id":"https:\/\/1001oeil.com\/index.php\/post-production-timelapse\/#breadcrumb","itemListElement":[{"@type":"ListItem","position":1,"name":"Accueil","item":"https:\/\/1001oeil.com\/"},{"@type":"ListItem","position":2,"name":"POST PRODUCTION TIMELAPSE"}]},{"@type":"WebSite","@id":"https:\/\/1001oeil.com\/#website","url":"https:\/\/1001oeil.com\/","name":"1001 \u0153il","description":"Photographe R\u00e9alisateur","publisher":{"@id":"https:\/\/1001oeil.com\/#\/schema\/person\/5183086660880e33b3a1804821879ce1"},"potentialAction":[{"@type":"SearchAction","target":{"@type":"EntryPoint","urlTemplate":"https:\/\/1001oeil.com\/?s={search_term_string}"},"query-input":{"@type":"PropertyValueSpecification","valueRequired":true,"valueName":"search_term_string"}}],"inLanguage":"fr-FR"},{"@type":["Person","Organization"],"@id":"https:\/\/1001oeil.com\/#\/schema\/person\/5183086660880e33b3a1804821879ce1","name":"St\u00e9phane CHASSIGNOLE","image":{"@type":"ImageObject","inLanguage":"fr-FR","@id":"https:\/\/secure.gravatar.com\/avatar\/c741ff914b630d457c4ed947a119e5a0bd613d68105339c9af5c9ba86b201702?s=96&d=mm&r=g","url":"https:\/\/secure.gravatar.com\/avatar\/c741ff914b630d457c4ed947a119e5a0bd613d68105339c9af5c9ba86b201702?s=96&d=mm&r=g","contentUrl":"https:\/\/secure.gravatar.com\/avatar\/c741ff914b630d457c4ed947a119e5a0bd613d68105339c9af5c9ba86b201702?s=96&d=mm&r=g","caption":"St\u00e9phane CHASSIGNOLE"},"logo":{"@id":"https:\/\/secure.gravatar.com\/avatar\/c741ff914b630d457c4ed947a119e5a0bd613d68105339c9af5c9ba86b201702?s=96&d=mm&r=g"}}]}},"_links":{"self":[{"href":"https:\/\/1001oeil.com\/index.php\/wp-json\/wp\/v2\/pages\/10304","targetHints":{"allow":["GET"]}}],"collection":[{"href":"https:\/\/1001oeil.com\/index.php\/wp-json\/wp\/v2\/pages"}],"about":[{"href":"https:\/\/1001oeil.com\/index.php\/wp-json\/wp\/v2\/types\/page"}],"author":[{"embeddable":true,"href":"https:\/\/1001oeil.com\/index.php\/wp-json\/wp\/v2\/users\/2"}],"replies":[{"embeddable":true,"href":"https:\/\/1001oeil.com\/index.php\/wp-json\/wp\/v2\/comments?post=10304"}],"version-history":[{"count":6,"href":"https:\/\/1001oeil.com\/index.php\/wp-json\/wp\/v2\/pages\/10304\/revisions"}],"predecessor-version":[{"id":10310,"href":"https:\/\/1001oeil.com\/index.php\/wp-json\/wp\/v2\/pages\/10304\/revisions\/10310"}],"wp:attachment":[{"href":"https:\/\/1001oeil.com\/index.php\/wp-json\/wp\/v2\/media?parent=10304"}],"curies":[{"name":"wp","href":"https:\/\/api.w.org\/{rel}","templated":true}]}}